{"id":12922,"date":"2015-12-10T13:26:53","date_gmt":"2015-12-10T11:26:53","guid":{"rendered":"https:\/\/www.gavias-theme.com\/wp\/inusti\/?p=1"},"modified":"2023-12-11T21:14:27","modified_gmt":"2023-12-11T19:14:27","slug":"projekti","status":"publish","type":"page","link":"https:\/\/celtniecibas.lv\/en\/projects\/","title":{"rendered":"Our projects"},"content":{"rendered":"<div data-elementor-type=\"wp-page\" data-elementor-id=\"12922\" class=\"elementor elementor-12922\" data-elementor-post-type=\"page\">\n\t\t\t\t\t\t<section class=\"elementor-section elementor-top-section elementor-element elementor-element-d8c1e67 elementor-section-boxed elementor-section-height-default elementor-section-height-default\" data-id=\"d8c1e67\" data-element_type=\"section\">\n\t\t\t\t\t\t<div class=\"elementor-container elementor-column-gap-default\">\n\t\t\t\t\t<div class=\"elementor-column elementor-col-100 elementor-top-column elementor-element elementor-element-4d9fc83 top column-style-top\" data-id=\"4d9fc83\" data-element_type=\"column\">\n\t\t\t<div class=\"elementor-widget-wrap elementor-element-populated\">\n\t\t\t\t\t\t<div class=\"elementor-element elementor-element-bc0d142 elementor-widget elementor-widget-gva-heading-block\" data-id=\"bc0d142\" data-element_type=\"widget\" data-widget_type=\"gva-heading-block.default\">\n\t\t\t\t<div class=\"elementor-widget-container\">\n\t\t\t\t\t<div class=\"gva-element-gva-heading-block gva-element\">   <div class=\"align-center style-1 widget gsc-heading box-align-left\">\r\n      <div class=\"content-inner\">\r\n         \r\n                  \r\n           \r\n         \r\n                     <h2 class=\"title\">\r\n               <span>Our projects<\/span>\r\n            <\/h2>\r\n                  \r\n         \r\n      <\/div>\r\n   <\/div>\r\n   <div class=\"clearfix\"><\/div>\r\n<\/div>\t\t\t\t<\/div>\n\t\t\t\t<\/div>\n\t\t\t\t<div class=\"elementor-element elementor-element-260872e elementor-widget elementor-widget-gva-portfolio\" data-id=\"260872e\" data-element_type=\"widget\" data-widget_type=\"gva-portfolio.default\">\n\t\t\t\t<div class=\"elementor-widget-container\">\n\t\t\t\t\t<div class=\"gva-element-gva-portfolio gva-element\">\r\n  <div class=\"gva-portfolio-grid clearfix grid-in7f text-center\" data-filter=\"in7f\">\r\n        <div class=\"gva-content-items\"> \r\n      <div class=\"isotope-items view-portfolio lg-block-grid-3 md-block-grid-3 sm-block-grid-2 xs-block-grid-1 xx-block-grid-1\">\r\n        <div class=\"all pabeikts-projekts  item-columns isotope-item\">\r\n   <div class=\"portfolio-block portfolio-v1\">      \r\n      <div class=\"images\">\r\n         <a class=\"link-image-content\" href=\"https:\/\/celtniecibas.lv\/en\/portfolio\/dzinari-prospect\/\">\r\n            <img fetchpriority=\"high\" decoding=\"async\" width=\"600\" height=\"600\" src=\"https:\/\/celtniecibas.lv\/wp-content\/uploads\/2017\/03\/dzintaru-prospekts-main-600x600.webp\" class=\"attachment-medium size-medium wp-post-image\" alt=\"J\u016brmala celtniec\u012bbas\" srcset=\"https:\/\/celtniecibas.lv\/wp-content\/uploads\/2017\/03\/dzintaru-prospekts-main-600x600.webp 600w, https:\/\/celtniecibas.lv\/wp-content\/uploads\/2017\/03\/dzintaru-prospekts-main-180x180.webp 180w, https:\/\/celtniecibas.lv\/wp-content\/uploads\/2017\/03\/dzintaru-prospekts-main-300x300.webp 300w, https:\/\/celtniecibas.lv\/wp-content\/uploads\/2017\/03\/dzintaru-prospekts-main.webp 735w\" sizes=\"(max-width: 600px) 100vw, 600px\" \/>         <\/a>\r\n         <a class=\"link\" href=\"https:\/\/celtniecibas.lv\/en\/portfolio\/dzinari-prospect\/\"><i class=\"fas fa-link\"><\/i><\/a>\r\n      <\/div>\r\n      <div class=\"portfolio-content\">\r\n         <div class=\"content-inner\">\r\n            <h3 class=\"title\"><a href=\"https:\/\/celtniecibas.lv\/en\/portfolio\/dzinari-prospect\/\">Villa Milia, Jurmala<\/a><\/h3> \r\n            <div class=\"portfolio-meta\"><a href=\"https:\/\/celtniecibas.lv\/en\/category-portfolio\/pabeikts-projekts\/\" title=\"View all posts in Pabeikts projekts\">COMPLETED PROJECT<\/a><\/div>\r\n         <\/div>    \r\n      <\/div>   \r\n   <\/div>\r\n<\/div>\r\n\r\n  <div class=\"all pabeikts-projekts  item-columns isotope-item\">\r\n   <div class=\"portfolio-block portfolio-v1\">      \r\n      <div class=\"images\">\r\n         <a class=\"link-image-content\" href=\"https:\/\/celtniecibas.lv\/en\/portfolio\/maxima-mukusalas-iela\/\">\r\n            <img decoding=\"async\" width=\"600\" height=\"600\" src=\"https:\/\/celtniecibas.lv\/wp-content\/uploads\/2017\/03\/mukusalas-iela-main-600x600.webp\" class=\"attachment-medium size-medium wp-post-image\" alt=\"Maxima celtniec\u012bba\" srcset=\"https:\/\/celtniecibas.lv\/wp-content\/uploads\/2017\/03\/mukusalas-iela-main-600x600.webp 600w, https:\/\/celtniecibas.lv\/wp-content\/uploads\/2017\/03\/mukusalas-iela-main-180x180.webp 180w, https:\/\/celtniecibas.lv\/wp-content\/uploads\/2017\/03\/mukusalas-iela-main-300x300.webp 300w, https:\/\/celtniecibas.lv\/wp-content\/uploads\/2017\/03\/mukusalas-iela-main.webp 735w\" sizes=\"(max-width: 600px) 100vw, 600px\" \/>         <\/a>\r\n         <a class=\"link\" href=\"https:\/\/celtniecibas.lv\/en\/portfolio\/maxima-mukusalas-iela\/\"><i class=\"fas fa-link\"><\/i><\/a>\r\n      <\/div>\r\n      <div class=\"portfolio-content\">\r\n         <div class=\"content-inner\">\r\n            <h3 class=\"title\"><a href=\"https:\/\/celtniecibas.lv\/en\/portfolio\/maxima-mukusalas-iela\/\">Maxima XX Mukusalas street<\/a><\/h3> \r\n            <div class=\"portfolio-meta\"><a href=\"https:\/\/celtniecibas.lv\/en\/category-portfolio\/pabeikts-projekts\/\" title=\"View all posts in Pabeikts projekts\">COMPLETED PROJECT<\/a><\/div>\r\n         <\/div>    \r\n      <\/div>   \r\n   <\/div>\r\n<\/div>\r\n\r\n  <div class=\"all pabeikts-projekts  item-columns isotope-item\">\r\n   <div class=\"portfolio-block portfolio-v1\">      \r\n      <div class=\"images\">\r\n         <a class=\"link-image-content\" href=\"https:\/\/celtniecibas.lv\/en\/portfolio\/duntes-iela\/\">\r\n            <img decoding=\"async\" width=\"600\" height=\"600\" src=\"https:\/\/celtniecibas.lv\/wp-content\/uploads\/2017\/03\/duntes-iela-main-600x600.webp\" class=\"attachment-medium size-medium wp-post-image\" alt=\"R\u012bga celtniec\u012bbas\" srcset=\"https:\/\/celtniecibas.lv\/wp-content\/uploads\/2017\/03\/duntes-iela-main-600x600.webp 600w, https:\/\/celtniecibas.lv\/wp-content\/uploads\/2017\/03\/duntes-iela-main-180x180.webp 180w, https:\/\/celtniecibas.lv\/wp-content\/uploads\/2017\/03\/duntes-iela-main-300x300.webp 300w, https:\/\/celtniecibas.lv\/wp-content\/uploads\/2017\/03\/duntes-iela-main.webp 735w\" sizes=\"(max-width: 600px) 100vw, 600px\" \/>         <\/a>\r\n         <a class=\"link\" href=\"https:\/\/celtniecibas.lv\/en\/portfolio\/duntes-iela\/\"><i class=\"fas fa-link\"><\/i><\/a>\r\n      <\/div>\r\n      <div class=\"portfolio-content\">\r\n         <div class=\"content-inner\">\r\n            <h3 class=\"title\"><a href=\"https:\/\/celtniecibas.lv\/en\/portfolio\/duntes-iela\/\">Duntes Nami, Riga<\/a><\/h3> \r\n            <div class=\"portfolio-meta\"><a href=\"https:\/\/celtniecibas.lv\/en\/category-portfolio\/pabeikts-projekts\/\" title=\"View all posts in Pabeikts projekts\">COMPLETED PROJECT<\/a><\/div>\r\n         <\/div>    \r\n      <\/div>   \r\n   <\/div>\r\n<\/div>\r\n\r\n  <div class=\"all pabeikts-projekts  item-columns isotope-item\">\r\n   <div class=\"portfolio-block portfolio-v1\">      \r\n      <div class=\"images\">\r\n         <a class=\"link-image-content\" href=\"https:\/\/celtniecibas.lv\/en\/portfolio\/via-jurmala-outlet-village\/\">\r\n            <img loading=\"lazy\" decoding=\"async\" width=\"600\" height=\"600\" src=\"https:\/\/celtniecibas.lv\/wp-content\/uploads\/2017\/03\/jurmala-outlet-main-600x600.webp\" class=\"attachment-medium size-medium wp-post-image\" alt=\"Celtniec\u012bbas Pi\u0146\u0137i\" srcset=\"https:\/\/celtniecibas.lv\/wp-content\/uploads\/2017\/03\/jurmala-outlet-main-600x600.webp 600w, https:\/\/celtniecibas.lv\/wp-content\/uploads\/2017\/03\/jurmala-outlet-main-180x180.webp 180w, https:\/\/celtniecibas.lv\/wp-content\/uploads\/2017\/03\/jurmala-outlet-main-300x300.webp 300w, https:\/\/celtniecibas.lv\/wp-content\/uploads\/2017\/03\/jurmala-outlet-main.webp 735w\" sizes=\"(max-width: 600px) 100vw, 600px\" \/>         <\/a>\r\n         <a class=\"link\" href=\"https:\/\/celtniecibas.lv\/en\/portfolio\/via-jurmala-outlet-village\/\"><i class=\"fas fa-link\"><\/i><\/a>\r\n      <\/div>\r\n      <div class=\"portfolio-content\">\r\n         <div class=\"content-inner\">\r\n            <h3 class=\"title\"><a href=\"https:\/\/celtniecibas.lv\/en\/portfolio\/via-jurmala-outlet-village\/\">Via J\u016brmala Outlet Village<\/a><\/h3> \r\n            <div class=\"portfolio-meta\"><a href=\"https:\/\/celtniecibas.lv\/en\/category-portfolio\/pabeikts-projekts\/\" title=\"View all posts in Pabeikts projekts\">COMPLETED PROJECT<\/a><\/div>\r\n         <\/div>    \r\n      <\/div>   \r\n   <\/div>\r\n<\/div>\r\n\r\n  <div class=\"all pabeikts-projekts  item-columns isotope-item\">\r\n   <div class=\"portfolio-block portfolio-v1\">      \r\n      <div class=\"images\">\r\n         <a class=\"link-image-content\" href=\"https:\/\/celtniecibas.lv\/en\/portfolio\/riksotaju-iela-riga\/\">\r\n            <img loading=\"lazy\" decoding=\"async\" width=\"600\" height=\"600\" src=\"https:\/\/celtniecibas.lv\/wp-content\/uploads\/2017\/03\/riksotaju-iela-main-600x600.webp\" class=\"attachment-medium size-medium wp-post-image\" alt=\"R\u012bga celtniec\u012bbas\" srcset=\"https:\/\/celtniecibas.lv\/wp-content\/uploads\/2017\/03\/riksotaju-iela-main-600x600.webp 600w, https:\/\/celtniecibas.lv\/wp-content\/uploads\/2017\/03\/riksotaju-iela-main-180x180.webp 180w, https:\/\/celtniecibas.lv\/wp-content\/uploads\/2017\/03\/riksotaju-iela-main-300x300.webp 300w, https:\/\/celtniecibas.lv\/wp-content\/uploads\/2017\/03\/riksotaju-iela-main.webp 735w\" sizes=\"(max-width: 600px) 100vw, 600px\" \/>         <\/a>\r\n         <a class=\"link\" href=\"https:\/\/celtniecibas.lv\/en\/portfolio\/riksotaju-iela-riga\/\"><i class=\"fas fa-link\"><\/i><\/a>\r\n      <\/div>\r\n      <div class=\"portfolio-content\">\r\n         <div class=\"content-inner\">\r\n            <h3 class=\"title\"><a href=\"https:\/\/celtniecibas.lv\/en\/portfolio\/riksotaju-iela-riga\/\">Rik\u0161ot\u0101ju Street, Riga, Zolitude<\/a><\/h3> \r\n            <div class=\"portfolio-meta\"><a href=\"https:\/\/celtniecibas.lv\/en\/category-portfolio\/pabeikts-projekts\/\" title=\"View all posts in Pabeikts projekts\">COMPLETED PROJECT<\/a><\/div>\r\n         <\/div>    \r\n      <\/div>   \r\n   <\/div>\r\n<\/div>\r\n\r\n  <div class=\"all pabeikts-projekts  item-columns isotope-item\">\r\n   <div class=\"portfolio-block portfolio-v1\">      \r\n      <div class=\"images\">\r\n         <a class=\"link-image-content\" href=\"https:\/\/celtniecibas.lv\/en\/portfolio\/vikingu-iela-jurmala\/\">\r\n            <img loading=\"lazy\" decoding=\"async\" width=\"600\" height=\"600\" src=\"https:\/\/celtniecibas.lv\/wp-content\/uploads\/2017\/03\/projekts-vikingu-iela-main-600x600.webp\" class=\"attachment-medium size-medium wp-post-image\" alt=\"J\u016brmala celtniec\u012bbas\" srcset=\"https:\/\/celtniecibas.lv\/wp-content\/uploads\/2017\/03\/projekts-vikingu-iela-main-600x600.webp 600w, https:\/\/celtniecibas.lv\/wp-content\/uploads\/2017\/03\/projekts-vikingu-iela-main-180x180.webp 180w, https:\/\/celtniecibas.lv\/wp-content\/uploads\/2017\/03\/projekts-vikingu-iela-main-300x300.webp 300w, https:\/\/celtniecibas.lv\/wp-content\/uploads\/2017\/03\/projekts-vikingu-iela-main.webp 735w\" sizes=\"(max-width: 600px) 100vw, 600px\" \/>         <\/a>\r\n         <a class=\"link\" href=\"https:\/\/celtniecibas.lv\/en\/portfolio\/vikingu-iela-jurmala\/\"><i class=\"fas fa-link\"><\/i><\/a>\r\n      <\/div>\r\n      <div class=\"portfolio-content\">\r\n         <div class=\"content-inner\">\r\n            <h3 class=\"title\"><a href=\"https:\/\/celtniecibas.lv\/en\/portfolio\/vikingu-iela-jurmala\/\">Viking Street,  Jurmala<\/a><\/h3> \r\n            <div class=\"portfolio-meta\"><a href=\"https:\/\/celtniecibas.lv\/en\/category-portfolio\/pabeikts-projekts\/\" title=\"View all posts in Pabeikts projekts\">COMPLETED PROJECT<\/a><\/div>\r\n         <\/div>    \r\n      <\/div>   \r\n   <\/div>\r\n<\/div>\r\n\r\n        <\/div>\r\n    <\/div>\r\n            <div class=\"pagination\">\r\n                    <\/div>\r\n      <\/div>\r\n  <\/div>\t\t\t\t<\/div>\n\t\t\t\t<\/div>\n\t\t\t\t\t<\/div>\n\t\t<\/div>\n\t\t\t\t\t<\/div>\n\t\t<\/section>\n\t\t\t\t<\/div>","protected":false},"excerpt":{"rendered":"<p>Aelltes port lacus quis enim var sed efficitur turpis gilla sed sit lorem ipsum is simply free amet finibus eros.<\/p>","protected":false},"author":1,"featured_media":0,"parent":0,"menu_order":0,"comment_status":"closed","ping_status":"open","template":"","meta":{"footnotes":""},"class_list":["post-12922","page","type-page","status-publish","hentry"],"yoast_head":"<!-- This site is optimized with the Yoast SEO plugin v24.7 - https:\/\/yoast.com\/wordpress\/plugins\/seo\/ -->\n<title>M\u016bsu projekti - Celtniec\u012bbas Latvij\u0101<\/title>\n<meta name=\"robots\" content=\"index, follow, max-snippet:-1, max-image-preview:large, max-video-preview:-1\" \/>\n<link rel=\"canonical\" href=\"https:\/\/celtniecibas.lv\/en\/projects\/\" \/>\n<meta property=\"og:locale\" content=\"en_GB\" \/>\n<meta property=\"og:type\" content=\"article\" \/>\n<meta property=\"og:title\" content=\"M\u016bsu projekti - Celtniec\u012bbas Latvij\u0101\" \/>\n<meta property=\"og:description\" content=\"Aelltes port lacus quis enim var sed efficitur turpis gilla sed sit lorem ipsum is simply free amet finibus eros.\" \/>\n<meta property=\"og:url\" content=\"https:\/\/celtniecibas.lv\/en\/projects\/\" \/>\n<meta property=\"og:site_name\" content=\"Celtniec\u012bbas Latvij\u0101\" \/>\n<meta property=\"article:modified_time\" content=\"2023-12-11T19:14:27+00:00\" \/>\n<meta property=\"og:image\" content=\"https:\/\/celtniecibas.lv\/wp-content\/uploads\/2017\/03\/dzintaru-prospekts-main-600x600.webp\" \/>\n<meta name=\"twitter:card\" content=\"summary_large_image\" \/>\n<script type=\"application\/ld+json\" class=\"yoast-schema-graph\">{\"@context\":\"https:\/\/schema.org\",\"@graph\":[{\"@type\":\"WebPage\",\"@id\":\"https:\/\/celtniecibas.lv\/projekti\/\",\"url\":\"https:\/\/celtniecibas.lv\/projekti\/\",\"name\":\"M\u016bsu projekti - Celtniec\u012bbas Latvij\u0101\",\"isPartOf\":{\"@id\":\"https:\/\/celtniecibas.lv\/#website\"},\"primaryImageOfPage\":{\"@id\":\"https:\/\/celtniecibas.lv\/projekti\/#primaryimage\"},\"image\":{\"@id\":\"https:\/\/celtniecibas.lv\/projekti\/#primaryimage\"},\"thumbnailUrl\":\"https:\/\/celtniecibas.lv\/wp-content\/uploads\/2017\/03\/dzintaru-prospekts-main-600x600.webp\",\"datePublished\":\"2015-12-10T11:26:53+00:00\",\"dateModified\":\"2023-12-11T19:14:27+00:00\",\"breadcrumb\":{\"@id\":\"https:\/\/celtniecibas.lv\/projekti\/#breadcrumb\"},\"inLanguage\":\"en-GB\",\"potentialAction\":[{\"@type\":\"ReadAction\",\"target\":[\"https:\/\/celtniecibas.lv\/projekti\/\"]}]},{\"@type\":\"ImageObject\",\"inLanguage\":\"en-GB\",\"@id\":\"https:\/\/celtniecibas.lv\/projekti\/#primaryimage\",\"url\":\"https:\/\/celtniecibas.lv\/wp-content\/uploads\/2017\/03\/dzintaru-prospekts-main-600x600.webp\",\"contentUrl\":\"https:\/\/celtniecibas.lv\/wp-content\/uploads\/2017\/03\/dzintaru-prospekts-main-600x600.webp\"},{\"@type\":\"BreadcrumbList\",\"@id\":\"https:\/\/celtniecibas.lv\/projekti\/#breadcrumb\",\"itemListElement\":[{\"@type\":\"ListItem\",\"position\":1,\"name\":\"Home\",\"item\":\"https:\/\/celtniecibas.lv\/\"},{\"@type\":\"ListItem\",\"position\":2,\"name\":\"M\u016bsu projekti\"}]},{\"@type\":\"WebSite\",\"@id\":\"https:\/\/celtniecibas.lv\/#website\",\"url\":\"https:\/\/celtniecibas.lv\/\",\"name\":\"Celtniec\u012bbas Latvij\u0101\",\"description\":\"\",\"potentialAction\":[{\"@type\":\"SearchAction\",\"target\":{\"@type\":\"EntryPoint\",\"urlTemplate\":\"https:\/\/celtniecibas.lv\/?s={search_term_string}\"},\"query-input\":{\"@type\":\"PropertyValueSpecification\",\"valueRequired\":true,\"valueName\":\"search_term_string\"}}],\"inLanguage\":\"en-GB\"}]}<\/script>\n<!-- \/ Yoast SEO plugin. -->","yoast_head_json":{"title":"M\u016bsu projekti - Celtniec\u012bbas Latvij\u0101","robots":{"index":"index","follow":"follow","max-snippet":"max-snippet:-1","max-image-preview":"max-image-preview:large","max-video-preview":"max-video-preview:-1"},"canonical":"https:\/\/celtniecibas.lv\/en\/projects\/","og_locale":"en_GB","og_type":"article","og_title":"M\u016bsu projekti - Celtniec\u012bbas Latvij\u0101","og_description":"Aelltes port lacus quis enim var sed efficitur turpis gilla sed sit lorem ipsum is simply free amet finibus eros.","og_url":"https:\/\/celtniecibas.lv\/en\/projects\/","og_site_name":"Celtniec\u012bbas Latvij\u0101","article_modified_time":"2023-12-11T19:14:27+00:00","og_image":[{"url":"https:\/\/celtniecibas.lv\/wp-content\/uploads\/2017\/03\/dzintaru-prospekts-main-600x600.webp","type":"","width":"","height":""}],"twitter_card":"summary_large_image","schema":{"@context":"https:\/\/schema.org","@graph":[{"@type":"WebPage","@id":"https:\/\/celtniecibas.lv\/projekti\/","url":"https:\/\/celtniecibas.lv\/projekti\/","name":"M\u016bsu projekti - Celtniec\u012bbas Latvij\u0101","isPartOf":{"@id":"https:\/\/celtniecibas.lv\/#website"},"primaryImageOfPage":{"@id":"https:\/\/celtniecibas.lv\/projekti\/#primaryimage"},"image":{"@id":"https:\/\/celtniecibas.lv\/projekti\/#primaryimage"},"thumbnailUrl":"https:\/\/celtniecibas.lv\/wp-content\/uploads\/2017\/03\/dzintaru-prospekts-main-600x600.webp","datePublished":"2015-12-10T11:26:53+00:00","dateModified":"2023-12-11T19:14:27+00:00","breadcrumb":{"@id":"https:\/\/celtniecibas.lv\/projekti\/#breadcrumb"},"inLanguage":"en-GB","potentialAction":[{"@type":"ReadAction","target":["https:\/\/celtniecibas.lv\/projekti\/"]}]},{"@type":"ImageObject","inLanguage":"en-GB","@id":"https:\/\/celtniecibas.lv\/projekti\/#primaryimage","url":"https:\/\/celtniecibas.lv\/wp-content\/uploads\/2017\/03\/dzintaru-prospekts-main-600x600.webp","contentUrl":"https:\/\/celtniecibas.lv\/wp-content\/uploads\/2017\/03\/dzintaru-prospekts-main-600x600.webp"},{"@type":"BreadcrumbList","@id":"https:\/\/celtniecibas.lv\/projekti\/#breadcrumb","itemListElement":[{"@type":"ListItem","position":1,"name":"Home","item":"https:\/\/celtniecibas.lv\/"},{"@type":"ListItem","position":2,"name":"M\u016bsu projekti"}]},{"@type":"WebSite","@id":"https:\/\/celtniecibas.lv\/#website","url":"https:\/\/celtniecibas.lv\/","name":"Celtniec\u012bbas Latvij\u0101","description":"","potentialAction":[{"@type":"SearchAction","target":{"@type":"EntryPoint","urlTemplate":"https:\/\/celtniecibas.lv\/?s={search_term_string}"},"query-input":{"@type":"PropertyValueSpecification","valueRequired":true,"valueName":"search_term_string"}}],"inLanguage":"en-GB"}]}},"_links":{"self":[{"href":"https:\/\/celtniecibas.lv\/en\/wp-json\/wp\/v2\/pages\/12922","targetHints":{"allow":["GET"]}}],"collection":[{"href":"https:\/\/celtniecibas.lv\/en\/wp-json\/wp\/v2\/pages"}],"about":[{"href":"https:\/\/celtniecibas.lv\/en\/wp-json\/wp\/v2\/types\/page"}],"author":[{"embeddable":true,"href":"https:\/\/celtniecibas.lv\/en\/wp-json\/wp\/v2\/users\/1"}],"replies":[{"embeddable":true,"href":"https:\/\/celtniecibas.lv\/en\/wp-json\/wp\/v2\/comments?post=12922"}],"version-history":[{"count":32,"href":"https:\/\/celtniecibas.lv\/en\/wp-json\/wp\/v2\/pages\/12922\/revisions"}],"predecessor-version":[{"id":13521,"href":"https:\/\/celtniecibas.lv\/en\/wp-json\/wp\/v2\/pages\/12922\/revisions\/13521"}],"wp:attachment":[{"href":"https:\/\/celtniecibas.lv\/en\/wp-json\/wp\/v2\/media?parent=12922"}],"curies":[{"name":"wp","href":"https:\/\/api.w.org\/{rel}","templated":true}]}}