{"id":3124,"date":"2018-07-05T01:04:27","date_gmt":"2018-07-05T01:04:27","guid":{"rendered":"https:\/\/www.gavias-theme.com\/wp\/inusti\/?page_id=3124"},"modified":"2025-03-26T00:38:48","modified_gmt":"2025-03-25T22:38:48","slug":"pakalpojumi","status":"publish","type":"page","link":"https:\/\/celtniecibas.lv\/en\/pakalpojumi\/","title":{"rendered":"Our services"},"content":{"rendered":"<div data-elementor-type=\"wp-post\" data-elementor-id=\"3124\" class=\"elementor elementor-3124\" data-elementor-post-type=\"page\">\n\t\t\t\t\t\t<section class=\"elementor-section elementor-top-section elementor-element elementor-element-1c672db elementor-section-boxed elementor-section-height-default elementor-section-height-default\" data-id=\"1c672db\" data-element_type=\"section\" data-settings=\"{&quot;background_background&quot;:&quot;classic&quot;}\">\n\t\t\t\t\t\t<div class=\"elementor-container elementor-column-gap-default\">\n\t\t\t\t\t<div class=\"elementor-column elementor-col-100 elementor-top-column elementor-element elementor-element-0165fe9 top column-style-top\" data-id=\"0165fe9\" data-element_type=\"column\">\n\t\t\t<div class=\"elementor-widget-wrap elementor-element-populated\">\n\t\t\t\t\t\t<div class=\"elementor-element elementor-element-30a61c6 elementor-widget elementor-widget-gva-heading-block\" data-id=\"30a61c6\" data-element_type=\"widget\" data-widget_type=\"gva-heading-block.default\">\n\t\t\t\t<div class=\"elementor-widget-container\">\n\t\t\t\t\t<div class=\"gva-element-gva-heading-block gva-element\">   <div class=\"align-center style-1 widget gsc-heading box-align-center\">\r\n      <div class=\"content-inner\">\r\n         \r\n                  \r\n                     <div class=\"clearfix\"><div class=\"sub-title\"><span>WHAT WE OFFER<\/span><\/div><\/div>\r\n           \r\n         \r\n                     <h2 class=\"title\">\r\n               <span>Our services<\/span>\r\n            <\/h2>\r\n                  \r\n         \r\n      <\/div>\r\n   <\/div>\r\n   <div class=\"clearfix\"><\/div>\r\n<\/div>\t\t\t\t<\/div>\n\t\t\t\t<\/div>\n\t\t\t\t<div class=\"elementor-element elementor-element-07e24b3 elementor-widget elementor-widget-gva-services-group\" data-id=\"07e24b3\" data-element_type=\"widget\" data-widget_type=\"gva-services-group.default\">\n\t\t\t\t<div class=\"elementor-widget-container\">\n\t\t\t\t\t<div class=\"gva-element-gva-services-group gva-element\">\r\n<div class=\"gsc-services-group layout-grid\">\r\n   <div class=\"lg-block-grid-3 md-block-grid-3 sm-block-grid-2 xs-block-grid-2 xx-block-grid-1\">\r\n               <div class=\"item-columns\">\r\n            \r\n   <div class=\"service-item style-1\">\r\n      <div class=\"service-item-content\">\r\n      \t\t<div class=\"service-image\">\t      \t\r\n\t\t\t\r\n\t\t\t\t\t\t\t<img decoding=\"async\" src=\"https:\/\/celtniecibas.lv\/wp-content\/uploads\/2023\/11\/renovacijas-darbi.webp\" alt=\"Home and apartment renovation\" \/>\r\n\t\t\t\t\t\r\n\t            \t\t\t\t\t<span class=\"service-icon\">\r\n\t\t\t\t\t\t<i aria-hidden=\"true\" class=\"fi flaticon-under-construction-2\"><\/i>\t\t\t\t\t<\/span>\r\n\t\t\t\t\t\t\t<\/div>\r\n            <div class=\"service-content\">\r\n\t\t\t\t\t\t\t\t\t<h3 class=\"title\"><span>Home and apartment renovation<\/span><\/h3>\r\n\t\t\t\t\r\n\t\t\t\t\t\t\t\t\t<div class=\"desc\">Our team provides a wide range of renovation services to refurbish and enhance your property, ensuring a modern and functional design<\/div>\r\n\t\t\t\t\r\n\t\t\t\t\t\t\t\t\t\r\n\t\t\t\t\t<div class=\"read-more\">\r\n\t\t               <a href=\"https:\/\/celtniecibas.lv\/en\/pakalpojumi\/majas-un-dzivoklu-remonts\/\">\r\n\t\t               \t<i class=\"fas fa-long-arrow-alt-right\"><\/i>\r\n\t\t               <\/a>\r\n\t\t            <\/div>\r\n\t\t\t\t\t\t\t<\/div>\r\n\t\t<\/div>\r\n\t\t\r\n\t\t        <a href=\"https:\/\/celtniecibas.lv\/en\/pakalpojumi\/majas-un-dzivoklu-remonts\/\" class=\"link-overlay\"><\/a>\r\n        \t<\/div>\t\t\r\n\t\r\n\r\n\r\n<!-- Style II -->\r\n\t         <\/div>\r\n               <div class=\"item-columns\">\r\n            \r\n   <div class=\"service-item style-1\">\r\n      <div class=\"service-item-content\">\r\n      \t\t<div class=\"service-image\">\t      \t\r\n\t\t\t\r\n\t\t\t\t\t\t\t<img decoding=\"async\" src=\"https:\/\/celtniecibas.lv\/wp-content\/uploads\/2023\/11\/betonesanas-darbi.webp\" alt=\"Concrete&lt;br&gt; installation works\" \/>\r\n\t\t\t\t\t\r\n\t            \t\t\t\t\t<span class=\"service-icon\">\r\n\t\t\t\t\t\t<i aria-hidden=\"true\" class=\"fi flaticon-design\"><\/i>\t\t\t\t\t<\/span>\r\n\t\t\t\t\t\t\t<\/div>\r\n            <div class=\"service-content\">\r\n\t\t\t\t\t\t\t\t\t<h3 class=\"title\"><span>Concrete<br> installation works<\/span><\/h3>\r\n\t\t\t\t\r\n\t\t\t\t\t\t\t\t\t<div class=\"desc\">We offer concreting works, from foundation creation to the construction of concrete structures, to ensure long-lasting durability and stability<\/div>\r\n\t\t\t\t\r\n\t\t\t\t\t\t\t\t\t\r\n\t\t\t\t\t<div class=\"read-more\">\r\n\t\t               <a href=\"https:\/\/celtniecibas.lv\/en\/pakalpojumi\/betonesanas-darbi\/\">\r\n\t\t               \t<i class=\"fas fa-long-arrow-alt-right\"><\/i>\r\n\t\t               <\/a>\r\n\t\t            <\/div>\r\n\t\t\t\t\t\t\t<\/div>\r\n\t\t<\/div>\r\n\t\t\r\n\t\t        <a href=\"https:\/\/celtniecibas.lv\/en\/pakalpojumi\/betonesanas-darbi\/\" class=\"link-overlay\"><\/a>\r\n        \t<\/div>\t\t\r\n\t\r\n\r\n\r\n<!-- Style II -->\r\n\t         <\/div>\r\n               <div class=\"item-columns\">\r\n            \r\n   <div class=\"service-item style-1\">\r\n      <div class=\"service-item-content\">\r\n      \t\t<div class=\"service-image\">\t      \t\r\n\t\t\t\r\n\t\t\t\t\t\t\t<img decoding=\"async\" src=\"https:\/\/celtniecibas.lv\/wp-content\/uploads\/2023\/11\/jumta-darbi.webp\" alt=\"Roofing&lt;br&gt; installation works\" \/>\r\n\t\t\t\t\t\r\n\t            \t\t\t\t\t<span class=\"service-icon\">\r\n\t\t\t\t\t\t<i aria-hidden=\"true\" class=\"fi flaticon-warehouse\"><\/i>\t\t\t\t\t<\/span>\r\n\t\t\t\t\t\t\t<\/div>\r\n            <div class=\"service-content\">\r\n\t\t\t\t\t\t\t\t\t<h3 class=\"title\"><span>Roofing<br> installation works<\/span><\/h3>\r\n\t\t\t\t\r\n\t\t\t\t\t\t\t\t\t<div class=\"desc\">Our experienced roofing masters offer roofing repair, construction, and maintenance services, ensuring your home is protected from weather conditions<\/div>\r\n\t\t\t\t\r\n\t\t\t\t\t\t\t\t\t\r\n\t\t\t\t\t<div class=\"read-more\">\r\n\t\t               <a href=\"https:\/\/celtniecibas.lv\/en\/pakalpojumi\/jumta-darbi\/\">\r\n\t\t               \t<i class=\"fas fa-long-arrow-alt-right\"><\/i>\r\n\t\t               <\/a>\r\n\t\t            <\/div>\r\n\t\t\t\t\t\t\t<\/div>\r\n\t\t<\/div>\r\n\t\t\r\n\t\t        <a href=\"https:\/\/celtniecibas.lv\/en\/pakalpojumi\/jumta-darbi\/\" class=\"link-overlay\"><\/a>\r\n        \t<\/div>\t\t\r\n\t\r\n\r\n\r\n<!-- Style II -->\r\n\t         <\/div>\r\n               <div class=\"item-columns\">\r\n            \r\n   <div class=\"service-item style-1\">\r\n      <div class=\"service-item-content\">\r\n      \t\t<div class=\"service-image\">\t      \t\r\n\t\t\t\r\n\t\t\t\t\t\t\t<img decoding=\"async\" src=\"https:\/\/celtniecibas.lv\/wp-content\/uploads\/2023\/11\/elektromontazas-darbi.webp\" alt=\"Electrical&lt;br&gt; installation works\" \/>\r\n\t\t\t\t\t\r\n\t            \t\t\t\t\t<span class=\"service-icon\">\r\n\t\t\t\t\t\t<i aria-hidden=\"true\" class=\"fi flaticon-power-plant-1\"><\/i>\t\t\t\t\t<\/span>\r\n\t\t\t\t\t\t\t<\/div>\r\n            <div class=\"service-content\">\r\n\t\t\t\t\t\t\t\t\t<h3 class=\"title\"><span>Electrical<br> installation works<\/span><\/h3>\r\n\t\t\t\t\r\n\t\t\t\t\t\t\t\t\t<div class=\"desc\">Our certified electrical engineers ensure the installation and maintenance of electrical supply systems, guaranteeing safe and efficient electrical operation<\/div>\r\n\t\t\t\t\r\n\t\t\t\t\t\t\t\t\t\r\n\t\t\t\t\t<div class=\"read-more\">\r\n\t\t               <a href=\"https:\/\/celtniecibas.lv\/en\/pakalpojumi\/elektromontazas-darbi\/\">\r\n\t\t               \t<i class=\"fas fa-long-arrow-alt-right\"><\/i>\r\n\t\t               <\/a>\r\n\t\t            <\/div>\r\n\t\t\t\t\t\t\t<\/div>\r\n\t\t<\/div>\r\n\t\t\r\n\t\t        <a href=\"https:\/\/celtniecibas.lv\/en\/pakalpojumi\/elektromontazas-darbi\/\" class=\"link-overlay\"><\/a>\r\n        \t<\/div>\t\t\r\n\t\r\n\r\n\r\n<!-- Style II -->\r\n\t         <\/div>\r\n               <div class=\"item-columns\">\r\n            \r\n   <div class=\"service-item style-1\">\r\n      <div class=\"service-item-content\">\r\n      \t\t<div class=\"service-image\">\t      \t\r\n\t\t\t\r\n\t\t\t\t\t\t\t<img decoding=\"async\" src=\"https:\/\/celtniecibas.lv\/wp-content\/uploads\/2023\/11\/privatmaju-projekti-1.webp\" alt=\"Private house&lt;br&gt; construction\" \/>\r\n\t\t\t\t\t\r\n\t            \t\t\t\t\t<span class=\"service-icon\">\r\n\t\t\t\t\t\t<i aria-hidden=\"true\" class=\"fi flaticon-cityscape\"><\/i>\t\t\t\t\t<\/span>\r\n\t\t\t\t\t\t\t<\/div>\r\n            <div class=\"service-content\">\r\n\t\t\t\t\t\t\t\t\t<h3 class=\"title\"><span>Private house<br> construction<\/span><\/h3>\r\n\t\t\t\t\r\n\t\t\t\t\t\t\t\t\t<div class=\"desc\">We specialize in the design and construction of private houses, providing individual and unique homes that meet your desires and needs<\/div>\r\n\t\t\t\t\r\n\t\t\t\t\t\t\t\t\t\r\n\t\t\t\t\t<div class=\"read-more\">\r\n\t\t               <a href=\"https:\/\/celtniecibas.lv\/en\/pakalpojumi\/privatmajas-buvnieciba\/\">\r\n\t\t               \t<i class=\"fas fa-long-arrow-alt-right\"><\/i>\r\n\t\t               <\/a>\r\n\t\t            <\/div>\r\n\t\t\t\t\t\t\t<\/div>\r\n\t\t<\/div>\r\n\t\t\r\n\t\t        <a href=\"https:\/\/celtniecibas.lv\/en\/pakalpojumi\/privatmajas-buvnieciba\/\" class=\"link-overlay\"><\/a>\r\n        \t<\/div>\t\t\r\n\t\r\n\r\n\r\n<!-- Style II -->\r\n\t         <\/div>\r\n               <div class=\"item-columns\">\r\n            \r\n   <div class=\"service-item style-1\">\r\n      <div class=\"service-item-content\">\r\n      \t\t<div class=\"service-image\">\t      \t\r\n\t\t\t\r\n\t\t\t\t\t\t\t<img decoding=\"async\" src=\"https:\/\/celtniecibas.lv\/wp-content\/uploads\/2023\/11\/fasades-darbi.webp\" alt=\"Facade&lt;br&gt; installation works\" \/>\r\n\t\t\t\t\t\r\n\t            \t\t\t\t\t<span class=\"service-icon\">\r\n\t\t\t\t\t\t<i aria-hidden=\"true\" class=\"fi flaticon-under-construction\"><\/i>\t\t\t\t\t<\/span>\r\n\t\t\t\t\t\t\t<\/div>\r\n            <div class=\"service-content\">\r\n\t\t\t\t\t\t\t\t\t<h3 class=\"title\"><span>Facade<br> installation works<\/span><\/h3>\r\n\t\t\t\t\r\n\t\t\t\t\t\t\t\t\t<div class=\"desc\">Our specialists handle facade renovation and reconstruction, improving the appearance and protecting your property from environmental impacts<\/div>\r\n\t\t\t\t\r\n\t\t\t\t\t\t\t\t\t\r\n\t\t\t\t\t<div class=\"read-more\">\r\n\t\t               <a href=\"https:\/\/celtniecibas.lv\/en\/pakalpojumi\/fasades-darbi\/\">\r\n\t\t               \t<i class=\"fas fa-long-arrow-alt-right\"><\/i>\r\n\t\t               <\/a>\r\n\t\t            <\/div>\r\n\t\t\t\t\t\t\t<\/div>\r\n\t\t<\/div>\r\n\t\t\r\n\t\t        <a href=\"https:\/\/celtniecibas.lv\/en\/pakalpojumi\/fasades-darbi\/\" class=\"link-overlay\"><\/a>\r\n        \t<\/div>\t\t\r\n\t\r\n\r\n\r\n<!-- Style II -->\r\n\t         <\/div>\r\n         <\/div>   \r\n<\/div>\r\n<\/div>\t\t\t\t<\/div>\n\t\t\t\t<\/div>\n\t\t\t\t\t<\/div>\n\t\t<\/div>\n\t\t\t\t\t<\/div>\n\t\t<\/section>\n\t\t\t\t<section class=\"elementor-section elementor-top-section elementor-element elementor-element-4f89e68 bg-row-theme elementor-section-boxed elementor-section-height-default elementor-section-height-default\" data-id=\"4f89e68\" data-element_type=\"section\">\n\t\t\t\t\t\t<div class=\"elementor-container elementor-column-gap-default\">\n\t\t\t\t\t<div class=\"elementor-column elementor-col-100 elementor-top-column elementor-element elementor-element-47ae47d top column-style-top\" data-id=\"47ae47d\" data-element_type=\"column\">\n\t\t\t<div class=\"elementor-widget-wrap elementor-element-populated\">\n\t\t\t\t\t\t<div class=\"elementor-element elementor-element-40f50a9 elementor-widget elementor-widget-gva-call-to-action\" data-id=\"40f50a9\" data-element_type=\"widget\" data-widget_type=\"gva-call-to-action.default\">\n\t\t\t\t<div class=\"elementor-widget-container\">\n\t\t\t\t\t<div class=\"gva-element-gva-call-to-action gva-element\">\r\n   <div class=\"button-right widget gsc-call-to-action\">\r\n      <div class=\"content-inner clearfix\" >\r\n         <div class=\"cta-content\">\r\n                           <h2 class=\"title\">\r\n                  <span>Uzrakstiet mums<\/span>\r\n               <\/h2>\r\n                                                   <div class=\"desc\">We will be happy to answer all your questions and help you find the best solution for your needs<\/div>\r\n                     <\/div>\r\n                     <div class=\"button-action\">\r\n                       <a href=\"https:\/\/celtniecibas.lv\/en\/kontakti\/\" class=\"btn-cta btn-black\">\r\n          <span>Write to us<\/span>\r\n        <\/a>\r\n\r\n                    <\/div>\r\n               <\/div>\r\n   <\/div>\r\n<\/div>\t\t\t\t<\/div>\n\t\t\t\t<\/div>\n\t\t\t\t\t<\/div>\n\t\t<\/div>\n\t\t\t\t\t<\/div>\n\t\t<\/section>\n\t\t\t\t<\/div>","protected":false},"excerpt":{"rendered":"<p>Ko m\u0113s pied\u0101v\u0101jam M\u016bsu pakalpojumi M\u0101jas un dz\u012bvok\u013cu remonts M\u016bsu komanda pied\u0101v\u0101 pla\u0161u renov\u0101cijas pakalpojumu kl\u0101stu, lai atjaunotu un uzlabotu j\u016bsu \u012bpa\u0161umu, nodro\u0161inot m\u016bsdien\u012bgu un funkcionalu dizainu. Beton\u0113\u0161anas darbi M\u0113s [&hellip;]<\/p>","protected":false},"author":1,"featured_media":0,"parent":0,"menu_order":0,"comment_status":"closed","ping_status":"closed","template":"","meta":{"footnotes":""},"class_list":["post-3124","page","type-page","status-publish","hentry"],"yoast_head":"<!-- This site is optimized with the Yoast SEO plugin v24.7 - https:\/\/yoast.com\/wordpress\/plugins\/seo\/ -->\n<title>M\u016bsu pakalpojumi - Celtniec\u012bbas Latvij\u0101<\/title>\n<meta name=\"robots\" content=\"noindex, follow\" \/>\n<meta property=\"og:locale\" content=\"en_GB\" \/>\n<meta property=\"og:type\" content=\"article\" \/>\n<meta property=\"og:title\" content=\"M\u016bsu pakalpojumi - Celtniec\u012bbas Latvij\u0101\" \/>\n<meta property=\"og:description\" content=\"Ko m\u0113s pied\u0101v\u0101jam M\u016bsu pakalpojumi M\u0101jas un dz\u012bvok\u013cu remonts M\u016bsu komanda pied\u0101v\u0101 pla\u0161u renov\u0101cijas pakalpojumu kl\u0101stu, lai atjaunotu un uzlabotu j\u016bsu \u012bpa\u0161umu, nodro\u0161inot m\u016bsdien\u012bgu un funkcionalu dizainu. Beton\u0113\u0161anas darbi M\u0113s [&hellip;]\" \/>\n<meta property=\"og:url\" content=\"https:\/\/celtniecibas.lv\/en\/pakalpojumi\/\" \/>\n<meta property=\"og:site_name\" content=\"Celtniec\u012bbas Latvij\u0101\" \/>\n<meta property=\"article:modified_time\" content=\"2025-03-25T22:38:48+00:00\" \/>\n<meta property=\"og:image\" content=\"https:\/\/celtniecibas.lv\/wp-content\/uploads\/2023\/11\/renovacijas-darbi.webp\" \/>\n<meta name=\"twitter:card\" content=\"summary_large_image\" \/>\n<meta name=\"twitter:label1\" content=\"Estimated reading time\" \/>\n\t<meta name=\"twitter:data1\" content=\"2 minutes\" \/>\n<script type=\"application\/ld+json\" class=\"yoast-schema-graph\">{\"@context\":\"https:\/\/schema.org\",\"@graph\":[{\"@type\":\"WebPage\",\"@id\":\"https:\/\/celtniecibas.lv\/pakalpojumi\/\",\"url\":\"https:\/\/celtniecibas.lv\/pakalpojumi\/\",\"name\":\"M\u016bsu pakalpojumi - Celtniec\u012bbas Latvij\u0101\",\"isPartOf\":{\"@id\":\"https:\/\/celtniecibas.lv\/#website\"},\"primaryImageOfPage\":{\"@id\":\"https:\/\/celtniecibas.lv\/pakalpojumi\/#primaryimage\"},\"image\":{\"@id\":\"https:\/\/celtniecibas.lv\/pakalpojumi\/#primaryimage\"},\"thumbnailUrl\":\"https:\/\/celtniecibas.lv\/wp-content\/uploads\/2023\/11\/renovacijas-darbi.webp\",\"datePublished\":\"2018-07-05T01:04:27+00:00\",\"dateModified\":\"2025-03-25T22:38:48+00:00\",\"breadcrumb\":{\"@id\":\"https:\/\/celtniecibas.lv\/pakalpojumi\/#breadcrumb\"},\"inLanguage\":\"en-GB\",\"potentialAction\":[{\"@type\":\"ReadAction\",\"target\":[\"https:\/\/celtniecibas.lv\/pakalpojumi\/\"]}]},{\"@type\":\"ImageObject\",\"inLanguage\":\"en-GB\",\"@id\":\"https:\/\/celtniecibas.lv\/pakalpojumi\/#primaryimage\",\"url\":\"https:\/\/celtniecibas.lv\/wp-content\/uploads\/2023\/11\/renovacijas-darbi.webp\",\"contentUrl\":\"https:\/\/celtniecibas.lv\/wp-content\/uploads\/2023\/11\/renovacijas-darbi.webp\"},{\"@type\":\"BreadcrumbList\",\"@id\":\"https:\/\/celtniecibas.lv\/pakalpojumi\/#breadcrumb\",\"itemListElement\":[{\"@type\":\"ListItem\",\"position\":1,\"name\":\"Home\",\"item\":\"https:\/\/celtniecibas.lv\/\"},{\"@type\":\"ListItem\",\"position\":2,\"name\":\"M\u016bsu pakalpojumi\"}]},{\"@type\":\"WebSite\",\"@id\":\"https:\/\/celtniecibas.lv\/#website\",\"url\":\"https:\/\/celtniecibas.lv\/\",\"name\":\"Celtniec\u012bbas Latvij\u0101\",\"description\":\"\",\"potentialAction\":[{\"@type\":\"SearchAction\",\"target\":{\"@type\":\"EntryPoint\",\"urlTemplate\":\"https:\/\/celtniecibas.lv\/?s={search_term_string}\"},\"query-input\":{\"@type\":\"PropertyValueSpecification\",\"valueRequired\":true,\"valueName\":\"search_term_string\"}}],\"inLanguage\":\"en-GB\"}]}<\/script>\n<!-- \/ Yoast SEO plugin. -->","yoast_head_json":{"title":"M\u016bsu pakalpojumi - Celtniec\u012bbas Latvij\u0101","robots":{"index":"noindex","follow":"follow"},"og_locale":"en_GB","og_type":"article","og_title":"M\u016bsu pakalpojumi - Celtniec\u012bbas Latvij\u0101","og_description":"Ko m\u0113s pied\u0101v\u0101jam M\u016bsu pakalpojumi M\u0101jas un dz\u012bvok\u013cu remonts M\u016bsu komanda pied\u0101v\u0101 pla\u0161u renov\u0101cijas pakalpojumu kl\u0101stu, lai atjaunotu un uzlabotu j\u016bsu \u012bpa\u0161umu, nodro\u0161inot m\u016bsdien\u012bgu un funkcionalu dizainu. Beton\u0113\u0161anas darbi M\u0113s [&hellip;]","og_url":"https:\/\/celtniecibas.lv\/en\/pakalpojumi\/","og_site_name":"Celtniec\u012bbas Latvij\u0101","article_modified_time":"2025-03-25T22:38:48+00:00","og_image":[{"url":"https:\/\/celtniecibas.lv\/wp-content\/uploads\/2023\/11\/renovacijas-darbi.webp","type":"","width":"","height":""}],"twitter_card":"summary_large_image","twitter_misc":{"Estimated reading time":"2 minutes"},"schema":{"@context":"https:\/\/schema.org","@graph":[{"@type":"WebPage","@id":"https:\/\/celtniecibas.lv\/pakalpojumi\/","url":"https:\/\/celtniecibas.lv\/pakalpojumi\/","name":"M\u016bsu pakalpojumi - Celtniec\u012bbas Latvij\u0101","isPartOf":{"@id":"https:\/\/celtniecibas.lv\/#website"},"primaryImageOfPage":{"@id":"https:\/\/celtniecibas.lv\/pakalpojumi\/#primaryimage"},"image":{"@id":"https:\/\/celtniecibas.lv\/pakalpojumi\/#primaryimage"},"thumbnailUrl":"https:\/\/celtniecibas.lv\/wp-content\/uploads\/2023\/11\/renovacijas-darbi.webp","datePublished":"2018-07-05T01:04:27+00:00","dateModified":"2025-03-25T22:38:48+00:00","breadcrumb":{"@id":"https:\/\/celtniecibas.lv\/pakalpojumi\/#breadcrumb"},"inLanguage":"en-GB","potentialAction":[{"@type":"ReadAction","target":["https:\/\/celtniecibas.lv\/pakalpojumi\/"]}]},{"@type":"ImageObject","inLanguage":"en-GB","@id":"https:\/\/celtniecibas.lv\/pakalpojumi\/#primaryimage","url":"https:\/\/celtniecibas.lv\/wp-content\/uploads\/2023\/11\/renovacijas-darbi.webp","contentUrl":"https:\/\/celtniecibas.lv\/wp-content\/uploads\/2023\/11\/renovacijas-darbi.webp"},{"@type":"BreadcrumbList","@id":"https:\/\/celtniecibas.lv\/pakalpojumi\/#breadcrumb","itemListElement":[{"@type":"ListItem","position":1,"name":"Home","item":"https:\/\/celtniecibas.lv\/"},{"@type":"ListItem","position":2,"name":"M\u016bsu pakalpojumi"}]},{"@type":"WebSite","@id":"https:\/\/celtniecibas.lv\/#website","url":"https:\/\/celtniecibas.lv\/","name":"Celtniec\u012bbas Latvij\u0101","description":"","potentialAction":[{"@type":"SearchAction","target":{"@type":"EntryPoint","urlTemplate":"https:\/\/celtniecibas.lv\/?s={search_term_string}"},"query-input":{"@type":"PropertyValueSpecification","valueRequired":true,"valueName":"search_term_string"}}],"inLanguage":"en-GB"}]}},"_links":{"self":[{"href":"https:\/\/celtniecibas.lv\/en\/wp-json\/wp\/v2\/pages\/3124","targetHints":{"allow":["GET"]}}],"collection":[{"href":"https:\/\/celtniecibas.lv\/en\/wp-json\/wp\/v2\/pages"}],"about":[{"href":"https:\/\/celtniecibas.lv\/en\/wp-json\/wp\/v2\/types\/page"}],"author":[{"embeddable":true,"href":"https:\/\/celtniecibas.lv\/en\/wp-json\/wp\/v2\/users\/1"}],"replies":[{"embeddable":true,"href":"https:\/\/celtniecibas.lv\/en\/wp-json\/wp\/v2\/comments?post=3124"}],"version-history":[{"count":86,"href":"https:\/\/celtniecibas.lv\/en\/wp-json\/wp\/v2\/pages\/3124\/revisions"}],"predecessor-version":[{"id":14275,"href":"https:\/\/celtniecibas.lv\/en\/wp-json\/wp\/v2\/pages\/3124\/revisions\/14275"}],"wp:attachment":[{"href":"https:\/\/celtniecibas.lv\/en\/wp-json\/wp\/v2\/media?parent=3124"}],"curies":[{"name":"wp","href":"https:\/\/api.w.org\/{rel}","templated":true}]}}