{"id":612,"date":"2016-03-07T03:11:04","date_gmt":"2016-03-07T03:11:04","guid":{"rendered":"https:\/\/www.gavias-theme.com\/wp\/inusti\/?page_id=612"},"modified":"2024-12-04T21:06:40","modified_gmt":"2024-12-04T19:06:40","slug":"par-mums","status":"publish","type":"page","link":"https:\/\/celtniecibas.lv\/en\/par-mums\/","title":{"rendered":"About us"},"content":{"rendered":"<div data-elementor-type=\"wp-post\" data-elementor-id=\"612\" class=\"elementor elementor-612\" data-elementor-post-type=\"page\">\n\t\t\t\t<div class=\"elementor-element elementor-element-f5a9519 e-flex e-con-boxed e-con e-parent\" data-id=\"f5a9519\" data-element_type=\"container\">\n\t\t\t\t\t<div class=\"e-con-inner\">\n\t\t\t\t<div class=\"elementor-element elementor-element-19bfabe elementor-widget elementor-widget-text-editor\" data-id=\"19bfabe\" data-element_type=\"widget\" data-widget_type=\"text-editor.default\">\n\t\t\t\t<div class=\"elementor-widget-container\">\n\t\t\t\t\t\t\t\t\t<h1 style=\"text-align: center;\"><strong>SIA \u201eABILITY Group\u201d<\/strong><\/h1><p style=\"text-align: center;\"><strong>Is a growing and prospective company with long-standing experience in the construction sector.<\/strong><\/p><p>\u00a0<\/p><p>ABILITY Group as a construction company has accumulated significant experience in various fields, such as building demolition, construction, as well as the reconstruction and restoration of historic buildings. ABILITY Group started and continues to implement projects of various scales and complexities.<\/p><p>To ensure quality construction work, ABILITY Group follows clear collaboration rules and applies innovative and practically tested construction and repair methods, using high-quality finishing and construction materials, and also collaborates individually with each client.<\/p><p>Our main value is our employees. All our employees are highly qualified and certified according to the highest European standards and also receive appropriate remuneration.<\/p><p dir=\"ltr\">ABILITY Group is a construction company that performs all types of construction work and operates in the Baltic states, as well as in Germany and Scandinavia.<\/p>\t\t\t\t\t\t\t\t<\/div>\n\t\t\t\t<\/div>\n\t\t\t\t\t<\/div>\n\t\t\t\t<\/div>\n\t\t\t\t<section class=\"elementor-section elementor-top-section elementor-element elementor-element-e98882b elementor-section-boxed elementor-section-height-default elementor-section-height-default\" data-id=\"e98882b\" data-element_type=\"section\" data-settings=\"{&quot;background_background&quot;:&quot;classic&quot;}\">\n\t\t\t\t\t\t<div class=\"elementor-container elementor-column-gap-default\">\n\t\t\t\t\t<div class=\"elementor-column elementor-col-100 elementor-top-column elementor-element elementor-element-45bb2d9 top column-style-top\" data-id=\"45bb2d9\" data-element_type=\"column\">\n\t\t\t<div class=\"elementor-widget-wrap elementor-element-populated\">\n\t\t\t\t\t\t<div class=\"elementor-element elementor-element-158ff57 elementor-widget elementor-widget-gva-call-to-action\" data-id=\"158ff57\" data-element_type=\"widget\" data-widget_type=\"gva-call-to-action.default\">\n\t\t\t\t<div class=\"elementor-widget-container\">\n\t\t\t\t\t<div class=\"gva-element-gva-call-to-action gva-element\">\r\n   <div class=\"button-center widget gsc-call-to-action\">\r\n      <div class=\"content-inner clearfix\" >\r\n         <div class=\"cta-content\">\r\n                           <h2 class=\"title\">\r\n                  <span>More than 20 years of experience in the construction industry<\/span>\r\n               <\/h2>\r\n                                             <\/div>\r\n                     <div class=\"button-action\">\r\n                       <a href=\"https:\/\/celtniecibas.lv\/en\/kontakti\/\" class=\"btn-cta btn-theme\">\r\n          <span>OUR CONTACTS<\/span>\r\n        <\/a>\r\n\r\n                    <\/div>\r\n               <\/div>\r\n   <\/div>\r\n<\/div>\t\t\t\t<\/div>\n\t\t\t\t<\/div>\n\t\t\t\t\t<\/div>\n\t\t<\/div>\n\t\t\t\t\t<\/div>\n\t\t<\/section>\n\t\t\t\t<\/div>","protected":false},"excerpt":{"rendered":"<p>SIA \u201eABILITY Group\u201d Ir augo\u0161s un perspekt\u012bvs uz\u0146\u0113mums ar ilgsto\u0161u gadu pieredzi celtniec\u012bbas jom\u0101. ABILITY Group ka celtniec\u012bbas komp\u0101nij\u0101 ir uzkr\u0101jusi iev\u0113rojamu pieredzi da\u017e\u0101das nozares, piem\u0113ram ka \u0113ku demont\u0101\u017e\u0101, celtniec\u012bb\u0101, [&hellip;]<\/p>","protected":false},"author":1,"featured_media":12986,"parent":0,"menu_order":0,"comment_status":"closed","ping_status":"closed","template":"","meta":{"footnotes":""},"class_list":["post-612","page","type-page","status-publish","has-post-thumbnail","hentry"],"yoast_head":"<!-- This site is optimized with the Yoast SEO plugin v24.7 - https:\/\/yoast.com\/wordpress\/plugins\/seo\/ -->\n<title>SIA Ability Group | Par mums | M\u016bsu pieredze \u2022 Celtniec\u012bbas.lv<\/title>\n<meta name=\"description\" content=\"SIA Ability Group Ir augo\u0161s un perspekt\u012bvs uz\u0146\u0113mums ar ilgsto\u0161u gadu pieredzi celtniec\u012bbas jom\u0101 \u2b50 Eku demont\u0101\u017ea, celtniec\u012bba un rekonstrukcija\" \/>\n<meta name=\"robots\" content=\"index, follow, max-snippet:-1, max-image-preview:large, max-video-preview:-1\" \/>\n<link rel=\"canonical\" href=\"https:\/\/celtniecibas.lv\/en\/par-mums\/\" \/>\n<meta property=\"og:locale\" content=\"en_GB\" \/>\n<meta property=\"og:type\" content=\"article\" \/>\n<meta property=\"og:title\" content=\"SIA Ability Group | Par mums | M\u016bsu pieredze \u2022 Celtniec\u012bbas.lv\" \/>\n<meta property=\"og:description\" content=\"SIA Ability Group Ir augo\u0161s un perspekt\u012bvs uz\u0146\u0113mums ar ilgsto\u0161u gadu pieredzi celtniec\u012bbas jom\u0101 \u2b50 Eku demont\u0101\u017ea, celtniec\u012bba un rekonstrukcija\" \/>\n<meta property=\"og:url\" content=\"https:\/\/celtniecibas.lv\/en\/par-mums\/\" \/>\n<meta property=\"og:site_name\" content=\"Celtniec\u012bbas Latvij\u0101\" \/>\n<meta property=\"article:modified_time\" content=\"2024-12-04T19:06:40+00:00\" \/>\n<meta property=\"og:image\" content=\"https:\/\/celtniecibas.lv\/wp-content\/uploads\/2015\/12\/53245786_2373180592714063_4737305522548506624_n-2.png\" \/>\n\t<meta property=\"og:image:width\" content=\"1040\" \/>\n\t<meta property=\"og:image:height\" content=\"1040\" \/>\n\t<meta property=\"og:image:type\" content=\"image\/png\" \/>\n<meta name=\"twitter:card\" content=\"summary_large_image\" \/>\n<meta name=\"twitter:title\" content=\"SIA Ability Group | Par mums | M\u016bsu pieredze \u2022 Celtniec\u012bbas.lv\" \/>\n<meta name=\"twitter:description\" content=\"SIA Ability Group Ir augo\u0161s un perspekt\u012bvs uz\u0146\u0113mums ar ilgsto\u0161u gadu pieredzi celtniec\u012bbas jom\u0101 \u2b50 Eku demont\u0101\u017ea, celtniec\u012bba un rekonstrukcija\" \/>\n<meta name=\"twitter:image\" content=\"https:\/\/celtniecibas.lv\/wp-content\/uploads\/2015\/12\/53245786_2373180592714063_4737305522548506624_n-2.png\" \/>\n<meta name=\"twitter:label1\" content=\"Estimated reading time\" \/>\n\t<meta name=\"twitter:data1\" content=\"1 minute\" \/>\n<script type=\"application\/ld+json\" class=\"yoast-schema-graph\">{\"@context\":\"https:\/\/schema.org\",\"@graph\":[{\"@type\":\"WebPage\",\"@id\":\"https:\/\/celtniecibas.lv\/par-mums\/\",\"url\":\"https:\/\/celtniecibas.lv\/par-mums\/\",\"name\":\"SIA Ability Group | Par mums | M\u016bsu pieredze \u2022 Celtniec\u012bbas.lv\",\"isPartOf\":{\"@id\":\"https:\/\/celtniecibas.lv\/#website\"},\"primaryImageOfPage\":{\"@id\":\"https:\/\/celtniecibas.lv\/par-mums\/#primaryimage\"},\"image\":{\"@id\":\"https:\/\/celtniecibas.lv\/par-mums\/#primaryimage\"},\"thumbnailUrl\":\"https:\/\/celtniecibas.lv\/wp-content\/uploads\/2015\/12\/53245786_2373180592714063_4737305522548506624_n-2.png\",\"datePublished\":\"2016-03-07T03:11:04+00:00\",\"dateModified\":\"2024-12-04T19:06:40+00:00\",\"description\":\"SIA Ability Group Ir augo\u0161s un perspekt\u012bvs uz\u0146\u0113mums ar ilgsto\u0161u gadu pieredzi celtniec\u012bbas jom\u0101 \u2b50 Eku demont\u0101\u017ea, celtniec\u012bba un rekonstrukcija\",\"breadcrumb\":{\"@id\":\"https:\/\/celtniecibas.lv\/par-mums\/#breadcrumb\"},\"inLanguage\":\"en-GB\",\"potentialAction\":[{\"@type\":\"ReadAction\",\"target\":[\"https:\/\/celtniecibas.lv\/par-mums\/\"]}]},{\"@type\":\"ImageObject\",\"inLanguage\":\"en-GB\",\"@id\":\"https:\/\/celtniecibas.lv\/par-mums\/#primaryimage\",\"url\":\"https:\/\/celtniecibas.lv\/wp-content\/uploads\/2015\/12\/53245786_2373180592714063_4737305522548506624_n-2.png\",\"contentUrl\":\"https:\/\/celtniecibas.lv\/wp-content\/uploads\/2015\/12\/53245786_2373180592714063_4737305522548506624_n-2.png\",\"width\":1040,\"height\":1040,\"caption\":\"celtniecibas logo white\"},{\"@type\":\"BreadcrumbList\",\"@id\":\"https:\/\/celtniecibas.lv\/par-mums\/#breadcrumb\",\"itemListElement\":[{\"@type\":\"ListItem\",\"position\":1,\"name\":\"Home\",\"item\":\"https:\/\/celtniecibas.lv\/\"},{\"@type\":\"ListItem\",\"position\":2,\"name\":\"Par mums\"}]},{\"@type\":\"WebSite\",\"@id\":\"https:\/\/celtniecibas.lv\/#website\",\"url\":\"https:\/\/celtniecibas.lv\/\",\"name\":\"Celtniec\u012bbas Latvij\u0101\",\"description\":\"\",\"potentialAction\":[{\"@type\":\"SearchAction\",\"target\":{\"@type\":\"EntryPoint\",\"urlTemplate\":\"https:\/\/celtniecibas.lv\/?s={search_term_string}\"},\"query-input\":{\"@type\":\"PropertyValueSpecification\",\"valueRequired\":true,\"valueName\":\"search_term_string\"}}],\"inLanguage\":\"en-GB\"}]}<\/script>\n<!-- \/ Yoast SEO plugin. -->","yoast_head_json":{"title":"SIA Ability Group | Par mums | M\u016bsu pieredze \u2022 Celtniec\u012bbas.lv","description":"SIA Ability Group Ir augo\u0161s un perspekt\u012bvs uz\u0146\u0113mums ar ilgsto\u0161u gadu pieredzi celtniec\u012bbas jom\u0101 \u2b50 Eku demont\u0101\u017ea, celtniec\u012bba un rekonstrukcija","robots":{"index":"index","follow":"follow","max-snippet":"max-snippet:-1","max-image-preview":"max-image-preview:large","max-video-preview":"max-video-preview:-1"},"canonical":"https:\/\/celtniecibas.lv\/en\/par-mums\/","og_locale":"en_GB","og_type":"article","og_title":"SIA Ability Group | Par mums | M\u016bsu pieredze \u2022 Celtniec\u012bbas.lv","og_description":"SIA Ability Group Ir augo\u0161s un perspekt\u012bvs uz\u0146\u0113mums ar ilgsto\u0161u gadu pieredzi celtniec\u012bbas jom\u0101 \u2b50 Eku demont\u0101\u017ea, celtniec\u012bba un rekonstrukcija","og_url":"https:\/\/celtniecibas.lv\/en\/par-mums\/","og_site_name":"Celtniec\u012bbas Latvij\u0101","article_modified_time":"2024-12-04T19:06:40+00:00","og_image":[{"width":1040,"height":1040,"url":"https:\/\/celtniecibas.lv\/wp-content\/uploads\/2015\/12\/53245786_2373180592714063_4737305522548506624_n-2.png","type":"image\/png"}],"twitter_card":"summary_large_image","twitter_title":"SIA Ability Group | Par mums | M\u016bsu pieredze \u2022 Celtniec\u012bbas.lv","twitter_description":"SIA Ability Group Ir augo\u0161s un perspekt\u012bvs uz\u0146\u0113mums ar ilgsto\u0161u gadu pieredzi celtniec\u012bbas jom\u0101 \u2b50 Eku demont\u0101\u017ea, celtniec\u012bba un rekonstrukcija","twitter_image":"https:\/\/celtniecibas.lv\/wp-content\/uploads\/2015\/12\/53245786_2373180592714063_4737305522548506624_n-2.png","twitter_misc":{"Estimated reading time":"1 minute"},"schema":{"@context":"https:\/\/schema.org","@graph":[{"@type":"WebPage","@id":"https:\/\/celtniecibas.lv\/par-mums\/","url":"https:\/\/celtniecibas.lv\/par-mums\/","name":"SIA Ability Group | Par mums | M\u016bsu pieredze \u2022 Celtniec\u012bbas.lv","isPartOf":{"@id":"https:\/\/celtniecibas.lv\/#website"},"primaryImageOfPage":{"@id":"https:\/\/celtniecibas.lv\/par-mums\/#primaryimage"},"image":{"@id":"https:\/\/celtniecibas.lv\/par-mums\/#primaryimage"},"thumbnailUrl":"https:\/\/celtniecibas.lv\/wp-content\/uploads\/2015\/12\/53245786_2373180592714063_4737305522548506624_n-2.png","datePublished":"2016-03-07T03:11:04+00:00","dateModified":"2024-12-04T19:06:40+00:00","description":"SIA Ability Group Ir augo\u0161s un perspekt\u012bvs uz\u0146\u0113mums ar ilgsto\u0161u gadu pieredzi celtniec\u012bbas jom\u0101 \u2b50 Eku demont\u0101\u017ea, celtniec\u012bba un rekonstrukcija","breadcrumb":{"@id":"https:\/\/celtniecibas.lv\/par-mums\/#breadcrumb"},"inLanguage":"en-GB","potentialAction":[{"@type":"ReadAction","target":["https:\/\/celtniecibas.lv\/par-mums\/"]}]},{"@type":"ImageObject","inLanguage":"en-GB","@id":"https:\/\/celtniecibas.lv\/par-mums\/#primaryimage","url":"https:\/\/celtniecibas.lv\/wp-content\/uploads\/2015\/12\/53245786_2373180592714063_4737305522548506624_n-2.png","contentUrl":"https:\/\/celtniecibas.lv\/wp-content\/uploads\/2015\/12\/53245786_2373180592714063_4737305522548506624_n-2.png","width":1040,"height":1040,"caption":"celtniecibas logo white"},{"@type":"BreadcrumbList","@id":"https:\/\/celtniecibas.lv\/par-mums\/#breadcrumb","itemListElement":[{"@type":"ListItem","position":1,"name":"Home","item":"https:\/\/celtniecibas.lv\/"},{"@type":"ListItem","position":2,"name":"Par mums"}]},{"@type":"WebSite","@id":"https:\/\/celtniecibas.lv\/#website","url":"https:\/\/celtniecibas.lv\/","name":"Celtniec\u012bbas Latvij\u0101","description":"","potentialAction":[{"@type":"SearchAction","target":{"@type":"EntryPoint","urlTemplate":"https:\/\/celtniecibas.lv\/?s={search_term_string}"},"query-input":{"@type":"PropertyValueSpecification","valueRequired":true,"valueName":"search_term_string"}}],"inLanguage":"en-GB"}]}},"_links":{"self":[{"href":"https:\/\/celtniecibas.lv\/en\/wp-json\/wp\/v2\/pages\/612","targetHints":{"allow":["GET"]}}],"collection":[{"href":"https:\/\/celtniecibas.lv\/en\/wp-json\/wp\/v2\/pages"}],"about":[{"href":"https:\/\/celtniecibas.lv\/en\/wp-json\/wp\/v2\/types\/page"}],"author":[{"embeddable":true,"href":"https:\/\/celtniecibas.lv\/en\/wp-json\/wp\/v2\/users\/1"}],"replies":[{"embeddable":true,"href":"https:\/\/celtniecibas.lv\/en\/wp-json\/wp\/v2\/comments?post=612"}],"version-history":[{"count":20,"href":"https:\/\/celtniecibas.lv\/en\/wp-json\/wp\/v2\/pages\/612\/revisions"}],"predecessor-version":[{"id":13674,"href":"https:\/\/celtniecibas.lv\/en\/wp-json\/wp\/v2\/pages\/612\/revisions\/13674"}],"wp:featuredmedia":[{"embeddable":true,"href":"https:\/\/celtniecibas.lv\/en\/wp-json\/wp\/v2\/media\/12986"}],"wp:attachment":[{"href":"https:\/\/celtniecibas.lv\/en\/wp-json\/wp\/v2\/media?parent=612"}],"curies":[{"name":"wp","href":"https:\/\/api.w.org\/{rel}","templated":true}]}}