{"id":3124,"date":"2018-07-05T01:04:27","date_gmt":"2018-07-05T01:04:27","guid":{"rendered":"https:\/\/www.gavias-theme.com\/wp\/inusti\/?page_id=3124"},"modified":"2025-03-26T00:38:48","modified_gmt":"2025-03-25T22:38:48","slug":"pakalpojumi","status":"publish","type":"page","link":"https:\/\/celtniecibas.lv\/ru\/pakalpojumi\/","title":{"rendered":"\u041d\u0430\u0448\u0438 \u0443\u0441\u043b\u0443\u0433\u0438"},"content":{"rendered":"<div data-elementor-type=\"wp-post\" data-elementor-id=\"3124\" class=\"elementor elementor-3124\" data-elementor-post-type=\"page\">\n\t\t\t\t\t\t<section class=\"elementor-section elementor-top-section elementor-element elementor-element-1c672db elementor-section-boxed elementor-section-height-default elementor-section-height-default\" data-id=\"1c672db\" data-element_type=\"section\" data-settings=\"{&quot;background_background&quot;:&quot;classic&quot;}\">\n\t\t\t\t\t\t<div class=\"elementor-container elementor-column-gap-default\">\n\t\t\t\t\t<div class=\"elementor-column elementor-col-100 elementor-top-column elementor-element elementor-element-0165fe9 top column-style-top\" data-id=\"0165fe9\" data-element_type=\"column\">\n\t\t\t<div class=\"elementor-widget-wrap elementor-element-populated\">\n\t\t\t\t\t\t<div class=\"elementor-element elementor-element-30a61c6 elementor-widget elementor-widget-gva-heading-block\" data-id=\"30a61c6\" data-element_type=\"widget\" data-widget_type=\"gva-heading-block.default\">\n\t\t\t\t<div class=\"elementor-widget-container\">\n\t\t\t\t\t<div class=\"gva-element-gva-heading-block gva-element\">   <div class=\"align-center style-1 widget gsc-heading box-align-center\">\r\n      <div class=\"content-inner\">\r\n         \r\n                  \r\n                     <div class=\"clearfix\"><div class=\"sub-title\"><span>\u0427\u0422\u041e \u041c\u042b \u041f\u0420\u0415\u0414\u041b\u0410\u0413\u0410\u0415\u041c<\/span><\/div><\/div>\r\n           \r\n         \r\n                     <h2 class=\"title\">\r\n               <span>\u041d\u0430\u0448\u0438 \u0443\u0441\u043b\u0443\u0433\u0438<\/span>\r\n            <\/h2>\r\n                  \r\n         \r\n      <\/div>\r\n   <\/div>\r\n   <div class=\"clearfix\"><\/div>\r\n<\/div>\t\t\t\t<\/div>\n\t\t\t\t<\/div>\n\t\t\t\t<div class=\"elementor-element elementor-element-07e24b3 elementor-widget elementor-widget-gva-services-group\" data-id=\"07e24b3\" data-element_type=\"widget\" data-widget_type=\"gva-services-group.default\">\n\t\t\t\t<div class=\"elementor-widget-container\">\n\t\t\t\t\t<div class=\"gva-element-gva-services-group gva-element\">\r\n<div class=\"gsc-services-group layout-grid\">\r\n   <div class=\"lg-block-grid-3 md-block-grid-3 sm-block-grid-2 xs-block-grid-2 xx-block-grid-1\">\r\n               <div class=\"item-columns\">\r\n            \r\n   <div class=\"service-item style-1\">\r\n      <div class=\"service-item-content\">\r\n      \t\t<div class=\"service-image\">\t      \t\r\n\t\t\t\r\n\t\t\t\t\t\t\t<img decoding=\"async\" src=\"https:\/\/celtniecibas.lv\/wp-content\/uploads\/2023\/11\/renovacijas-darbi.webp\" alt=\"\u0420\u0435\u043c\u043e\u043d\u0442 \u0434\u043e\u043c\u043e\u0432 \u0438 \u043a\u0432\u0430\u0440\u0442\u0438\u0440\" \/>\r\n\t\t\t\t\t\r\n\t            \t\t\t\t\t<span class=\"service-icon\">\r\n\t\t\t\t\t\t<i aria-hidden=\"true\" class=\"fi flaticon-under-construction-2\"><\/i>\t\t\t\t\t<\/span>\r\n\t\t\t\t\t\t\t<\/div>\r\n            <div class=\"service-content\">\r\n\t\t\t\t\t\t\t\t\t<h3 class=\"title\"><span>\u0420\u0435\u043c\u043e\u043d\u0442 \u0434\u043e\u043c\u043e\u0432 \u0438 \u043a\u0432\u0430\u0440\u0442\u0438\u0440<\/span><\/h3>\r\n\t\t\t\t\r\n\t\t\t\t\t\t\t\t\t<div class=\"desc\">\u041d\u0430\u0448\u0430 \u043a\u043e\u043c\u0430\u043d\u0434\u0430 \u043f\u0440\u0435\u0434\u043b\u0430\u0433\u0430\u0435\u0442 \u0448\u0438\u0440\u043e\u043a\u0438\u0439 \u0441\u043f\u0435\u043a\u0442\u0440 \u0443\u0441\u043b\u0443\u0433 \u043f\u043e \u0440\u0435\u043d\u043e\u0432\u0430\u0446\u0438\u0438, \u0447\u0442\u043e\u0431\u044b \u043e\u0431\u043d\u043e\u0432\u0438\u0442\u044c \u0438 \u0443\u043b\u0443\u0447\u0448\u0438\u0442\u044c \u0432\u0430\u0448\u0443 \u0441\u043e\u0431\u0441\u0442\u0432\u0435\u043d\u043d\u043e\u0441\u0442\u044c, \u043e\u0431\u0435\u0441\u043f\u0435\u0447\u0438\u0432\u0430\u044f \u0441\u043e\u0432\u0440\u0435\u043c\u0435\u043d\u043d\u044b\u0439 \u0438 \u0444\u0443\u043d\u043a\u0446\u0438\u043e\u043d\u0430\u043b\u044c\u043d\u044b\u0439 \u0434\u0438\u0437\u0430\u0439\u043d.<\/div>\r\n\t\t\t\t\r\n\t\t\t\t\t\t\t\t\t\r\n\t\t\t\t\t<div class=\"read-more\">\r\n\t\t               <a href=\"https:\/\/celtniecibas.lv\/ru\/pakalpojumi\/majas-un-dzivoklu-remonts\/\">\r\n\t\t               \t<i class=\"fas fa-long-arrow-alt-right\"><\/i>\r\n\t\t               <\/a>\r\n\t\t            <\/div>\r\n\t\t\t\t\t\t\t<\/div>\r\n\t\t<\/div>\r\n\t\t\r\n\t\t        <a href=\"https:\/\/celtniecibas.lv\/ru\/pakalpojumi\/majas-un-dzivoklu-remonts\/\" class=\"link-overlay\"><\/a>\r\n        \t<\/div>\t\t\r\n\t\r\n\r\n\r\n<!-- Style II -->\r\n\t         <\/div>\r\n               <div class=\"item-columns\">\r\n            \r\n   <div class=\"service-item style-1\">\r\n      <div class=\"service-item-content\">\r\n      \t\t<div class=\"service-image\">\t      \t\r\n\t\t\t\r\n\t\t\t\t\t\t\t<img decoding=\"async\" src=\"https:\/\/celtniecibas.lv\/wp-content\/uploads\/2023\/11\/betonesanas-darbi.webp\" alt=\"\u0411\u0435\u0442\u043e\u043d\u043d\u044b\u0435&lt;br&gt; \u0440\u0430\u0431\u043e\u0442\u044b\" \/>\r\n\t\t\t\t\t\r\n\t            \t\t\t\t\t<span class=\"service-icon\">\r\n\t\t\t\t\t\t<i aria-hidden=\"true\" class=\"fi flaticon-design\"><\/i>\t\t\t\t\t<\/span>\r\n\t\t\t\t\t\t\t<\/div>\r\n            <div class=\"service-content\">\r\n\t\t\t\t\t\t\t\t\t<h3 class=\"title\"><span>\u0411\u0435\u0442\u043e\u043d\u043d\u044b\u0435<br> \u0440\u0430\u0431\u043e\u0442\u044b<\/span><\/h3>\r\n\t\t\t\t\r\n\t\t\t\t\t\t\t\t\t<div class=\"desc\">\u041c\u044b \u043f\u0440\u0435\u0434\u043b\u0430\u0433\u0430\u0435\u043c \u0431\u0435\u0442\u043e\u043d\u043d\u044b\u0435 \u0440\u0430\u0431\u043e\u0442\u044b, \u043d\u0430\u0447\u0438\u043d\u0430\u044f \u043e\u0442 \u0441\u043e\u0437\u0434\u0430\u043d\u0438\u044f \u0444\u0443\u043d\u0434\u0430\u043c\u0435\u043d\u0442\u043e\u0432 \u0434\u043e \u0441\u0442\u0440\u043e\u0438\u0442\u0435\u043b\u044c\u0441\u0442\u0432\u0430 \u0431\u0435\u0442\u043e\u043d\u043d\u044b\u0445 \u043a\u043e\u043d\u0441\u0442\u0440\u0443\u043a\u0446\u0438\u0439, \u0447\u0442\u043e\u0431\u044b \u043e\u0431\u0435\u0441\u043f\u0435\u0447\u0438\u0442\u044c \u0434\u043e\u043b\u0433\u043e\u0432\u0435\u0447\u043d\u043e\u0441\u0442\u044c \u0438 \u0441\u0442\u0430\u0431\u0438\u043b\u044c\u043d\u043e\u0441\u0442\u044c.<\/div>\r\n\t\t\t\t\r\n\t\t\t\t\t\t\t\t\t\r\n\t\t\t\t\t<div class=\"read-more\">\r\n\t\t               <a href=\"https:\/\/celtniecibas.lv\/ru\/pakalpojumi\/betonesanas-darbi\/\">\r\n\t\t               \t<i class=\"fas fa-long-arrow-alt-right\"><\/i>\r\n\t\t               <\/a>\r\n\t\t            <\/div>\r\n\t\t\t\t\t\t\t<\/div>\r\n\t\t<\/div>\r\n\t\t\r\n\t\t        <a href=\"https:\/\/celtniecibas.lv\/ru\/pakalpojumi\/betonesanas-darbi\/\" class=\"link-overlay\"><\/a>\r\n        \t<\/div>\t\t\r\n\t\r\n\r\n\r\n<!-- Style II -->\r\n\t         <\/div>\r\n               <div class=\"item-columns\">\r\n            \r\n   <div class=\"service-item style-1\">\r\n      <div class=\"service-item-content\">\r\n      \t\t<div class=\"service-image\">\t      \t\r\n\t\t\t\r\n\t\t\t\t\t\t\t<img decoding=\"async\" src=\"https:\/\/celtniecibas.lv\/wp-content\/uploads\/2023\/11\/jumta-darbi.webp\" alt=\"\u041a\u0440\u043e\u0432\u0435\u043b\u044c\u043d\u044b\u0435&lt;br&gt; \u0440\u0430\u0431\u043e\u0442\u044b\" \/>\r\n\t\t\t\t\t\r\n\t            \t\t\t\t\t<span class=\"service-icon\">\r\n\t\t\t\t\t\t<i aria-hidden=\"true\" class=\"fi flaticon-warehouse\"><\/i>\t\t\t\t\t<\/span>\r\n\t\t\t\t\t\t\t<\/div>\r\n            <div class=\"service-content\">\r\n\t\t\t\t\t\t\t\t\t<h3 class=\"title\"><span>\u041a\u0440\u043e\u0432\u0435\u043b\u044c\u043d\u044b\u0435<br> \u0440\u0430\u0431\u043e\u0442\u044b<\/span><\/h3>\r\n\t\t\t\t\r\n\t\t\t\t\t\t\t\t\t<div class=\"desc\">\u041d\u0430\u0448\u0438 \u043e\u043f\u044b\u0442\u043d\u044b\u0435 \u043a\u0440\u043e\u0432\u0435\u043b\u044c\u0449\u0438\u043a\u0438 \u043f\u0440\u0435\u0434\u043e\u0441\u0442\u0430\u0432\u043b\u044f\u044e\u0442 \u0443\u0441\u043b\u0443\u0433\u0438 \u043f\u043e \u0440\u0435\u043c\u043e\u043d\u0442\u0443, \u0441\u0442\u0440\u043e\u0438\u0442\u0435\u043b\u044c\u0441\u0442\u0432\u0443 \u0438 \u043e\u0431\u0441\u043b\u0443\u0436\u0438\u0432\u0430\u043d\u0438\u044e \u043a\u0440\u043e\u0432\u043b\u0438, \u0447\u0442\u043e\u0431\u044b \u0432\u0430\u0448 \u0434\u043e\u043c \u0431\u044b\u043b \u0437\u0430\u0449\u0438\u0449\u0435\u043d \u043e\u0442 \u043f\u043e\u0433\u043e\u0434\u043d\u044b\u0445 \u0443\u0441\u043b\u043e\u0432\u0438\u0439.<\/div>\r\n\t\t\t\t\r\n\t\t\t\t\t\t\t\t\t\r\n\t\t\t\t\t<div class=\"read-more\">\r\n\t\t               <a href=\"https:\/\/celtniecibas.lv\/ru\/pakalpojumi\/jumta-darbi\/\">\r\n\t\t               \t<i class=\"fas fa-long-arrow-alt-right\"><\/i>\r\n\t\t               <\/a>\r\n\t\t            <\/div>\r\n\t\t\t\t\t\t\t<\/div>\r\n\t\t<\/div>\r\n\t\t\r\n\t\t        <a href=\"https:\/\/celtniecibas.lv\/ru\/pakalpojumi\/jumta-darbi\/\" class=\"link-overlay\"><\/a>\r\n        \t<\/div>\t\t\r\n\t\r\n\r\n\r\n<!-- Style II -->\r\n\t         <\/div>\r\n               <div class=\"item-columns\">\r\n            \r\n   <div class=\"service-item style-1\">\r\n      <div class=\"service-item-content\">\r\n      \t\t<div class=\"service-image\">\t      \t\r\n\t\t\t\r\n\t\t\t\t\t\t\t<img decoding=\"async\" src=\"https:\/\/celtniecibas.lv\/wp-content\/uploads\/2023\/11\/elektromontazas-darbi.webp\" alt=\"\u042d\u043b\u0435\u043a\u0442\u0440\u043e\u043c\u043e\u043d\u0442\u0430\u0436\u043d\u044b\u0435&lt;br&gt; \u0440\u0430\u0431\u043e\u0442\u044b\" \/>\r\n\t\t\t\t\t\r\n\t            \t\t\t\t\t<span class=\"service-icon\">\r\n\t\t\t\t\t\t<i aria-hidden=\"true\" class=\"fi flaticon-power-plant-1\"><\/i>\t\t\t\t\t<\/span>\r\n\t\t\t\t\t\t\t<\/div>\r\n            <div class=\"service-content\">\r\n\t\t\t\t\t\t\t\t\t<h3 class=\"title\"><span>\u042d\u043b\u0435\u043a\u0442\u0440\u043e\u043c\u043e\u043d\u0442\u0430\u0436\u043d\u044b\u0435<br> \u0440\u0430\u0431\u043e\u0442\u044b<\/span><\/h3>\r\n\t\t\t\t\r\n\t\t\t\t\t\t\t\t\t<div class=\"desc\">\u041d\u0430\u0448\u0438 \u0441\u0435\u0440\u0442\u0438\u0444\u0438\u0446\u0438\u0440\u043e\u0432\u0430\u043d\u043d\u044b\u0435 \u044d\u043b\u0435\u043a\u0442\u0440\u043e\u0438\u043d\u0436\u0435\u043d\u0435\u0440\u044b \u043e\u0431\u0435\u0441\u043f\u0435\u0447\u0438\u0432\u0430\u044e\u0442 \u043c\u043e\u043d\u0442\u0430\u0436 \u0438 \u043e\u0431\u0441\u043b\u0443\u0436\u0438\u0432\u0430\u043d\u0438\u0435 \u0441\u0438\u0441\u0442\u0435\u043c \u044d\u043b\u0435\u043a\u0442\u0440\u043e\u0441\u043d\u0430\u0431\u0436\u0435\u043d\u0438\u044f, \u0433\u0430\u0440\u0430\u043d\u0442\u0438\u0440\u0443\u044f \u0431\u0435\u0437\u043e\u043f\u0430\u0441\u043d\u0443\u044e \u0438 \u044d\u0444\u0444\u0435\u043a\u0442\u0438\u0432\u043d\u0443\u044e \u044d\u043b\u0435\u043a\u0442\u0440\u0438\u0447\u0435\u0441\u043a\u0443\u044e \u0440\u0430\u0431\u043e\u0442\u0443<\/div>\r\n\t\t\t\t\r\n\t\t\t\t\t\t\t\t\t\r\n\t\t\t\t\t<div class=\"read-more\">\r\n\t\t               <a href=\"https:\/\/celtniecibas.lv\/ru\/pakalpojumi\/elektromontazas-darbi\/\">\r\n\t\t               \t<i class=\"fas fa-long-arrow-alt-right\"><\/i>\r\n\t\t               <\/a>\r\n\t\t            <\/div>\r\n\t\t\t\t\t\t\t<\/div>\r\n\t\t<\/div>\r\n\t\t\r\n\t\t        <a href=\"https:\/\/celtniecibas.lv\/ru\/pakalpojumi\/elektromontazas-darbi\/\" class=\"link-overlay\"><\/a>\r\n        \t<\/div>\t\t\r\n\t\r\n\r\n\r\n<!-- Style II -->\r\n\t         <\/div>\r\n               <div class=\"item-columns\">\r\n            \r\n   <div class=\"service-item style-1\">\r\n      <div class=\"service-item-content\">\r\n      \t\t<div class=\"service-image\">\t      \t\r\n\t\t\t\r\n\t\t\t\t\t\t\t<img decoding=\"async\" src=\"https:\/\/celtniecibas.lv\/wp-content\/uploads\/2023\/11\/privatmaju-projekti-1.webp\" alt=\"\u0421\u0442\u0440\u043e\u0438\u0442\u0435\u043b\u044c\u0441\u0442\u0432\u043e&lt;br&gt; \u0447\u0430\u0441\u0442\u043d\u044b\u0445 \u0434\u043e\u043c\u043e\u0432\" \/>\r\n\t\t\t\t\t\r\n\t            \t\t\t\t\t<span class=\"service-icon\">\r\n\t\t\t\t\t\t<i aria-hidden=\"true\" class=\"fi flaticon-cityscape\"><\/i>\t\t\t\t\t<\/span>\r\n\t\t\t\t\t\t\t<\/div>\r\n            <div class=\"service-content\">\r\n\t\t\t\t\t\t\t\t\t<h3 class=\"title\"><span>\u0421\u0442\u0440\u043e\u0438\u0442\u0435\u043b\u044c\u0441\u0442\u0432\u043e<br> \u0447\u0430\u0441\u0442\u043d\u044b\u0445 \u0434\u043e\u043c\u043e\u0432<\/span><\/h3>\r\n\t\t\t\t\r\n\t\t\t\t\t\t\t\t\t<div class=\"desc\">\u041c\u044b \u0441\u043f\u0435\u0446\u0438\u0430\u043b\u0438\u0437\u0438\u0440\u0443\u0435\u043c\u0441\u044f \u043d\u0430 \u043f\u0440\u043e\u0435\u043a\u0442\u0438\u0440\u043e\u0432\u0430\u043d\u0438\u0438 \u0438 \u0441\u0442\u0440\u043e\u0438\u0442\u0435\u043b\u044c\u0441\u0442\u0432\u0435 \u0447\u0430\u0441\u0442\u043d\u044b\u0445 \u0434\u043e\u043c\u043e\u0432, \u043f\u0440\u0435\u0434\u043e\u0441\u0442\u0430\u0432\u043b\u044f\u044f \u0438\u043d\u0434\u0438\u0432\u0438\u0434\u0443\u0430\u043b\u044c\u043d\u044b\u0435 \u0438 \u0443\u043d\u0438\u043a\u0430\u043b\u044c\u043d\u044b\u0435 \u0434\u043e\u043c\u0430, \u0441\u043e\u043e\u0442\u0432\u0435\u0442\u0441\u0442\u0432\u0443\u044e\u0449\u0438\u0435 \u0432\u0430\u0448\u0438\u043c \u0436\u0435\u043b\u0430\u043d\u0438\u044f\u043c \u0438 \u043f\u043e\u0442\u0440\u0435\u0431\u043d\u043e\u0441\u0442\u044f\u043c<\/div>\r\n\t\t\t\t\r\n\t\t\t\t\t\t\t\t\t\r\n\t\t\t\t\t<div class=\"read-more\">\r\n\t\t               <a href=\"https:\/\/celtniecibas.lv\/ru\/pakalpojumi\/privatmajas-buvnieciba\/\">\r\n\t\t               \t<i class=\"fas fa-long-arrow-alt-right\"><\/i>\r\n\t\t               <\/a>\r\n\t\t            <\/div>\r\n\t\t\t\t\t\t\t<\/div>\r\n\t\t<\/div>\r\n\t\t\r\n\t\t        <a href=\"https:\/\/celtniecibas.lv\/ru\/pakalpojumi\/privatmajas-buvnieciba\/\" class=\"link-overlay\"><\/a>\r\n        \t<\/div>\t\t\r\n\t\r\n\r\n\r\n<!-- Style II -->\r\n\t         <\/div>\r\n               <div class=\"item-columns\">\r\n            \r\n   <div class=\"service-item style-1\">\r\n      <div class=\"service-item-content\">\r\n      \t\t<div class=\"service-image\">\t      \t\r\n\t\t\t\r\n\t\t\t\t\t\t\t<img decoding=\"async\" src=\"https:\/\/celtniecibas.lv\/wp-content\/uploads\/2023\/11\/fasades-darbi.webp\" alt=\"\u0424\u0430\u0441\u0430\u0434\u043d\u044b\u0435&lt;br&gt; \u0440\u0430\u0431\u043e\u0442\u044b\" \/>\r\n\t\t\t\t\t\r\n\t            \t\t\t\t\t<span class=\"service-icon\">\r\n\t\t\t\t\t\t<i aria-hidden=\"true\" class=\"fi flaticon-under-construction\"><\/i>\t\t\t\t\t<\/span>\r\n\t\t\t\t\t\t\t<\/div>\r\n            <div class=\"service-content\">\r\n\t\t\t\t\t\t\t\t\t<h3 class=\"title\"><span>\u0424\u0430\u0441\u0430\u0434\u043d\u044b\u0435<br> \u0440\u0430\u0431\u043e\u0442\u044b<\/span><\/h3>\r\n\t\t\t\t\r\n\t\t\t\t\t\t\t\t\t<div class=\"desc\">\u041d\u0430\u0448\u0438 \u0441\u043f\u0435\u0446\u0438\u0430\u043b\u0438\u0441\u0442\u044b \u0437\u0430\u043d\u0438\u043c\u0430\u044e\u0442\u0441\u044f \u043e\u0431\u043d\u043e\u0432\u043b\u0435\u043d\u0438\u0435\u043c \u0438 \u0440\u0435\u043a\u043e\u043d\u0441\u0442\u0440\u0443\u043a\u0446\u0438\u0435\u0439 \u0444\u0430\u0441\u0430\u0434\u043e\u0432, \u043e\u0431\u0435\u0441\u043f\u0435\u0447\u0438\u0432\u0430\u044f \u0443\u043b\u0443\u0447\u0448\u0435\u043d\u0438\u0435 \u0432\u043d\u0435\u0448\u043d\u0435\u0433\u043e \u0432\u0438\u0434\u0430 \u0438 \u0437\u0430\u0449\u0438\u0442\u0443 \u0432\u0430\u0448\u0435\u0439 \u0441\u043e\u0431\u0441\u0442\u0432\u0435\u043d\u043d\u043e\u0441\u0442\u0438 \u043e\u0442 \u0432\u043e\u0437\u0434\u0435\u0439\u0441\u0442\u0432\u0438\u044f \u043e\u043a\u0440\u0443\u0436\u0430\u044e\u0449\u0435\u0439 \u0441\u0440\u0435\u0434\u044b.<\/div>\r\n\t\t\t\t\r\n\t\t\t\t\t\t\t\t\t\r\n\t\t\t\t\t<div class=\"read-more\">\r\n\t\t               <a href=\"https:\/\/celtniecibas.lv\/ru\/pakalpojumi\/fasades-darbi\/\">\r\n\t\t               \t<i class=\"fas fa-long-arrow-alt-right\"><\/i>\r\n\t\t               <\/a>\r\n\t\t            <\/div>\r\n\t\t\t\t\t\t\t<\/div>\r\n\t\t<\/div>\r\n\t\t\r\n\t\t        <a href=\"https:\/\/celtniecibas.lv\/ru\/pakalpojumi\/fasades-darbi\/\" class=\"link-overlay\"><\/a>\r\n        \t<\/div>\t\t\r\n\t\r\n\r\n\r\n<!-- Style II -->\r\n\t         <\/div>\r\n         <\/div>   \r\n<\/div>\r\n<\/div>\t\t\t\t<\/div>\n\t\t\t\t<\/div>\n\t\t\t\t\t<\/div>\n\t\t<\/div>\n\t\t\t\t\t<\/div>\n\t\t<\/section>\n\t\t\t\t<section class=\"elementor-section elementor-top-section elementor-element elementor-element-4f89e68 bg-row-theme elementor-section-boxed elementor-section-height-default elementor-section-height-default\" data-id=\"4f89e68\" data-element_type=\"section\">\n\t\t\t\t\t\t<div class=\"elementor-container elementor-column-gap-default\">\n\t\t\t\t\t<div class=\"elementor-column elementor-col-100 elementor-top-column elementor-element elementor-element-47ae47d top column-style-top\" data-id=\"47ae47d\" data-element_type=\"column\">\n\t\t\t<div class=\"elementor-widget-wrap elementor-element-populated\">\n\t\t\t\t\t\t<div class=\"elementor-element elementor-element-40f50a9 elementor-widget elementor-widget-gva-call-to-action\" data-id=\"40f50a9\" data-element_type=\"widget\" data-widget_type=\"gva-call-to-action.default\">\n\t\t\t\t<div class=\"elementor-widget-container\">\n\t\t\t\t\t<div class=\"gva-element-gva-call-to-action gva-element\">\r\n   <div class=\"button-right widget gsc-call-to-action\">\r\n      <div class=\"content-inner clearfix\" >\r\n         <div class=\"cta-content\">\r\n                           <h2 class=\"title\">\r\n                  <span>\u041f\u0438\u0448\u0438\u0442\u0435 \u043d\u0430\u043c<\/span>\r\n               <\/h2>\r\n                                                   <div class=\"desc\">\u041c\u044b \u0431\u0443\u0434\u0435\u043c \u0440\u0430\u0434\u044b \u043e\u0442\u0432\u0435\u0442\u0438\u0442\u044c \u043d\u0430 \u0432\u0441\u0435 \u0432\u0430\u0448\u0438 \u0432\u043e\u043f\u0440\u043e\u0441\u044b \u0438 \u043f\u043e\u043c\u043e\u0447\u044c \u0432\u0430\u043c \u043d\u0430\u0439\u0442\u0438 \u043b\u0443\u0447\u0448\u0435\u0435 \u0440\u0435\u0448\u0435\u043d\u0438\u0435 \u0434\u043b\u044f \u0432\u0430\u0448\u0438\u0445 \u043f\u043e\u0442\u0440\u0435\u0431\u043d\u043e\u0441\u0442\u0435\u0439<\/div>\r\n                     <\/div>\r\n                     <div class=\"button-action\">\r\n                       <a href=\"https:\/\/celtniecibas.lv\/ru\/kontakti\/\" class=\"btn-cta btn-black\">\r\n          <span>\u041d\u0430\u043f\u0438\u0448\u0438\u0442\u0435 \u043d\u0430\u043c<\/span>\r\n        <\/a>\r\n\r\n                    <\/div>\r\n               <\/div>\r\n   <\/div>\r\n<\/div>\t\t\t\t<\/div>\n\t\t\t\t<\/div>\n\t\t\t\t\t<\/div>\n\t\t<\/div>\n\t\t\t\t\t<\/div>\n\t\t<\/section>\n\t\t\t\t<\/div>","protected":false},"excerpt":{"rendered":"<p>Ko m\u0113s pied\u0101v\u0101jam M\u016bsu pakalpojumi M\u0101jas un dz\u012bvok\u013cu remonts M\u016bsu komanda pied\u0101v\u0101 pla\u0161u renov\u0101cijas pakalpojumu kl\u0101stu, lai atjaunotu un uzlabotu j\u016bsu \u012bpa\u0161umu, nodro\u0161inot m\u016bsdien\u012bgu un funkcionalu dizainu. Beton\u0113\u0161anas darbi M\u0113s [&hellip;]<\/p>","protected":false},"author":1,"featured_media":0,"parent":0,"menu_order":0,"comment_status":"closed","ping_status":"closed","template":"","meta":{"footnotes":""},"class_list":["post-3124","page","type-page","status-publish","hentry"],"yoast_head":"<!-- This site is optimized with the Yoast SEO plugin v24.7 - https:\/\/yoast.com\/wordpress\/plugins\/seo\/ -->\n<title>M\u016bsu pakalpojumi - Celtniec\u012bbas Latvij\u0101<\/title>\n<meta name=\"robots\" content=\"noindex, follow\" \/>\n<meta property=\"og:locale\" content=\"ru_RU\" \/>\n<meta property=\"og:type\" content=\"article\" \/>\n<meta property=\"og:title\" content=\"M\u016bsu pakalpojumi - Celtniec\u012bbas Latvij\u0101\" \/>\n<meta property=\"og:description\" content=\"Ko m\u0113s pied\u0101v\u0101jam M\u016bsu pakalpojumi M\u0101jas un dz\u012bvok\u013cu remonts M\u016bsu komanda pied\u0101v\u0101 pla\u0161u renov\u0101cijas pakalpojumu kl\u0101stu, lai atjaunotu un uzlabotu j\u016bsu \u012bpa\u0161umu, nodro\u0161inot m\u016bsdien\u012bgu un funkcionalu dizainu. Beton\u0113\u0161anas darbi M\u0113s [&hellip;]\" \/>\n<meta property=\"og:url\" content=\"https:\/\/celtniecibas.lv\/ru\/pakalpojumi\/\" \/>\n<meta property=\"og:site_name\" content=\"Celtniec\u012bbas Latvij\u0101\" \/>\n<meta property=\"article:modified_time\" content=\"2025-03-25T22:38:48+00:00\" \/>\n<meta property=\"og:image\" content=\"https:\/\/celtniecibas.lv\/wp-content\/uploads\/2023\/11\/renovacijas-darbi.webp\" \/>\n<meta name=\"twitter:card\" content=\"summary_large_image\" \/>\n<meta name=\"twitter:label1\" content=\"\u041f\u0440\u0438\u043c\u0435\u0440\u043d\u043e\u0435 \u0432\u0440\u0435\u043c\u044f \u0434\u043b\u044f \u0447\u0442\u0435\u043d\u0438\u044f\" \/>\n\t<meta name=\"twitter:data1\" content=\"2 \u043c\u0438\u043d\u0443\u0442\u044b\" \/>\n<script type=\"application\/ld+json\" class=\"yoast-schema-graph\">{\"@context\":\"https:\/\/schema.org\",\"@graph\":[{\"@type\":\"WebPage\",\"@id\":\"https:\/\/celtniecibas.lv\/pakalpojumi\/\",\"url\":\"https:\/\/celtniecibas.lv\/pakalpojumi\/\",\"name\":\"M\u016bsu pakalpojumi - Celtniec\u012bbas Latvij\u0101\",\"isPartOf\":{\"@id\":\"https:\/\/celtniecibas.lv\/#website\"},\"primaryImageOfPage\":{\"@id\":\"https:\/\/celtniecibas.lv\/pakalpojumi\/#primaryimage\"},\"image\":{\"@id\":\"https:\/\/celtniecibas.lv\/pakalpojumi\/#primaryimage\"},\"thumbnailUrl\":\"https:\/\/celtniecibas.lv\/wp-content\/uploads\/2023\/11\/renovacijas-darbi.webp\",\"datePublished\":\"2018-07-05T01:04:27+00:00\",\"dateModified\":\"2025-03-25T22:38:48+00:00\",\"breadcrumb\":{\"@id\":\"https:\/\/celtniecibas.lv\/pakalpojumi\/#breadcrumb\"},\"inLanguage\":\"ru-RU\",\"potentialAction\":[{\"@type\":\"ReadAction\",\"target\":[\"https:\/\/celtniecibas.lv\/pakalpojumi\/\"]}]},{\"@type\":\"ImageObject\",\"inLanguage\":\"ru-RU\",\"@id\":\"https:\/\/celtniecibas.lv\/pakalpojumi\/#primaryimage\",\"url\":\"https:\/\/celtniecibas.lv\/wp-content\/uploads\/2023\/11\/renovacijas-darbi.webp\",\"contentUrl\":\"https:\/\/celtniecibas.lv\/wp-content\/uploads\/2023\/11\/renovacijas-darbi.webp\"},{\"@type\":\"BreadcrumbList\",\"@id\":\"https:\/\/celtniecibas.lv\/pakalpojumi\/#breadcrumb\",\"itemListElement\":[{\"@type\":\"ListItem\",\"position\":1,\"name\":\"Home\",\"item\":\"https:\/\/celtniecibas.lv\/\"},{\"@type\":\"ListItem\",\"position\":2,\"name\":\"M\u016bsu pakalpojumi\"}]},{\"@type\":\"WebSite\",\"@id\":\"https:\/\/celtniecibas.lv\/#website\",\"url\":\"https:\/\/celtniecibas.lv\/\",\"name\":\"Celtniec\u012bbas Latvij\u0101\",\"description\":\"\",\"potentialAction\":[{\"@type\":\"SearchAction\",\"target\":{\"@type\":\"EntryPoint\",\"urlTemplate\":\"https:\/\/celtniecibas.lv\/?s={search_term_string}\"},\"query-input\":{\"@type\":\"PropertyValueSpecification\",\"valueRequired\":true,\"valueName\":\"search_term_string\"}}],\"inLanguage\":\"ru-RU\"}]}<\/script>\n<!-- \/ Yoast SEO plugin. -->","yoast_head_json":{"title":"M\u016bsu pakalpojumi - Celtniec\u012bbas Latvij\u0101","robots":{"index":"noindex","follow":"follow"},"og_locale":"ru_RU","og_type":"article","og_title":"M\u016bsu pakalpojumi - Celtniec\u012bbas Latvij\u0101","og_description":"Ko m\u0113s pied\u0101v\u0101jam M\u016bsu pakalpojumi M\u0101jas un dz\u012bvok\u013cu remonts M\u016bsu komanda pied\u0101v\u0101 pla\u0161u renov\u0101cijas pakalpojumu kl\u0101stu, lai atjaunotu un uzlabotu j\u016bsu \u012bpa\u0161umu, nodro\u0161inot m\u016bsdien\u012bgu un funkcionalu dizainu. Beton\u0113\u0161anas darbi M\u0113s [&hellip;]","og_url":"https:\/\/celtniecibas.lv\/ru\/pakalpojumi\/","og_site_name":"Celtniec\u012bbas Latvij\u0101","article_modified_time":"2025-03-25T22:38:48+00:00","og_image":[{"url":"https:\/\/celtniecibas.lv\/wp-content\/uploads\/2023\/11\/renovacijas-darbi.webp","type":"","width":"","height":""}],"twitter_card":"summary_large_image","twitter_misc":{"\u041f\u0440\u0438\u043c\u0435\u0440\u043d\u043e\u0435 \u0432\u0440\u0435\u043c\u044f \u0434\u043b\u044f \u0447\u0442\u0435\u043d\u0438\u044f":"2 \u043c\u0438\u043d\u0443\u0442\u044b"},"schema":{"@context":"https:\/\/schema.org","@graph":[{"@type":"WebPage","@id":"https:\/\/celtniecibas.lv\/pakalpojumi\/","url":"https:\/\/celtniecibas.lv\/pakalpojumi\/","name":"M\u016bsu pakalpojumi - Celtniec\u012bbas Latvij\u0101","isPartOf":{"@id":"https:\/\/celtniecibas.lv\/#website"},"primaryImageOfPage":{"@id":"https:\/\/celtniecibas.lv\/pakalpojumi\/#primaryimage"},"image":{"@id":"https:\/\/celtniecibas.lv\/pakalpojumi\/#primaryimage"},"thumbnailUrl":"https:\/\/celtniecibas.lv\/wp-content\/uploads\/2023\/11\/renovacijas-darbi.webp","datePublished":"2018-07-05T01:04:27+00:00","dateModified":"2025-03-25T22:38:48+00:00","breadcrumb":{"@id":"https:\/\/celtniecibas.lv\/pakalpojumi\/#breadcrumb"},"inLanguage":"ru-RU","potentialAction":[{"@type":"ReadAction","target":["https:\/\/celtniecibas.lv\/pakalpojumi\/"]}]},{"@type":"ImageObject","inLanguage":"ru-RU","@id":"https:\/\/celtniecibas.lv\/pakalpojumi\/#primaryimage","url":"https:\/\/celtniecibas.lv\/wp-content\/uploads\/2023\/11\/renovacijas-darbi.webp","contentUrl":"https:\/\/celtniecibas.lv\/wp-content\/uploads\/2023\/11\/renovacijas-darbi.webp"},{"@type":"BreadcrumbList","@id":"https:\/\/celtniecibas.lv\/pakalpojumi\/#breadcrumb","itemListElement":[{"@type":"ListItem","position":1,"name":"Home","item":"https:\/\/celtniecibas.lv\/"},{"@type":"ListItem","position":2,"name":"M\u016bsu pakalpojumi"}]},{"@type":"WebSite","@id":"https:\/\/celtniecibas.lv\/#website","url":"https:\/\/celtniecibas.lv\/","name":"Celtniec\u012bbas Latvij\u0101","description":"","potentialAction":[{"@type":"SearchAction","target":{"@type":"EntryPoint","urlTemplate":"https:\/\/celtniecibas.lv\/?s={search_term_string}"},"query-input":{"@type":"PropertyValueSpecification","valueRequired":true,"valueName":"search_term_string"}}],"inLanguage":"ru-RU"}]}},"_links":{"self":[{"href":"https:\/\/celtniecibas.lv\/ru\/wp-json\/wp\/v2\/pages\/3124","targetHints":{"allow":["GET"]}}],"collection":[{"href":"https:\/\/celtniecibas.lv\/ru\/wp-json\/wp\/v2\/pages"}],"about":[{"href":"https:\/\/celtniecibas.lv\/ru\/wp-json\/wp\/v2\/types\/page"}],"author":[{"embeddable":true,"href":"https:\/\/celtniecibas.lv\/ru\/wp-json\/wp\/v2\/users\/1"}],"replies":[{"embeddable":true,"href":"https:\/\/celtniecibas.lv\/ru\/wp-json\/wp\/v2\/comments?post=3124"}],"version-history":[{"count":86,"href":"https:\/\/celtniecibas.lv\/ru\/wp-json\/wp\/v2\/pages\/3124\/revisions"}],"predecessor-version":[{"id":14275,"href":"https:\/\/celtniecibas.lv\/ru\/wp-json\/wp\/v2\/pages\/3124\/revisions\/14275"}],"wp:attachment":[{"href":"https:\/\/celtniecibas.lv\/ru\/wp-json\/wp\/v2\/media?parent=3124"}],"curies":[{"name":"wp","href":"https:\/\/api.w.org\/{rel}","templated":true}]}}